{"id":8452,"date":"2021-01-28T17:11:29","date_gmt":"2021-01-28T17:11:29","guid":{"rendered":"https:\/\/equalsaree.org\/?page_id=8452"},"modified":"2021-01-28T18:24:03","modified_gmt":"2021-01-28T18:24:03","slug":"politique-de-confidentialite","status":"publish","type":"page","link":"https:\/\/equalsaree.org\/fr\/politique-de-confidentialite\/","title":{"rendered":"Politique de confidentialit\u00e9"},"content":{"rendered":"<p>[et_pb_section fb_built=\u00a0\u00bb1&Prime; admin_label=\u00a0\u00bbsection\u00a0\u00bb _builder_version=\u00a0\u00bb3.22&Prime;][et_pb_row admin_label=\u00a0\u00bbrow\u00a0\u00bb _builder_version=\u00a0\u00bb3.25&Prime; background_size=\u00a0\u00bbinitial\u00a0\u00bb background_position=\u00a0\u00bbtop_left\u00a0\u00bb background_repeat=\u00a0\u00bbrepeat\u00a0\u00bb][et_pb_column type=\u00a0\u00bb4_4&Prime; _builder_version=\u00a0\u00bb3.25&Prime; custom_padding=\u00a0\u00bb|||\u00a0\u00bb custom_padding__hover=\u00a0\u00bb|||\u00a0\u00bb][et_pb_text admin_label=\u00a0\u00bbTexto\u00a0\u00bb _builder_version=\u00a0\u00bb4.4.5&Prime; text_font_size=\u00a0\u00bb18&Prime; background_size=\u00a0\u00bbinitial\u00a0\u00bb background_position=\u00a0\u00bbtop_left\u00a0\u00bb background_repeat=\u00a0\u00bbrepeat\u00a0\u00bb use_border_color=\u00a0\u00bboff\u00a0\u00bb border_color=\u00a0\u00bb#ffffff\u00a0\u00bb border_style=\u00a0\u00bbsolid\u00a0\u00bb]<\/p>\n<h1><span style=\"color: #54beb7;\"><strong>Politique de confidentialit\u00e9<\/strong><\/span><\/h1>\n<p>[\/et_pb_text][et_pb_divider show_divider=\u00a0\u00bboff\u00a0\u00bb disabled_on=\u00a0\u00bbon|on|off\u00a0\u00bb admin_label=\u00a0\u00bbSeparador\u00a0\u00bb _builder_version=\u00a0\u00bb3.23.4&Prime; height=\u00a0\u00bb20px\u00a0\u00bb hide_on_mobile=\u00a0\u00bbon\u00a0\u00bb]\u00a0[\/et_pb_divider][\/et_pb_column][\/et_pb_row][et_pb_row admin_label=\u00a0\u00bbrow\u00a0\u00bb _builder_version=\u00a0\u00bb3.25&Prime; background_size=\u00a0\u00bbinitial\u00a0\u00bb background_position=\u00a0\u00bbtop_left\u00a0\u00bb background_repeat=\u00a0\u00bbrepeat\u00a0\u00bb][et_pb_column type=\u00a0\u00bb4_4&Prime; _builder_version=\u00a0\u00bb3.25&Prime; custom_padding=\u00a0\u00bb|||\u00a0\u00bb custom_padding__hover=\u00a0\u00bb|||\u00a0\u00bb][et_pb_text admin_label=\u00a0\u00bbTexto\u00a0\u00bb _builder_version=\u00a0\u00bb4.4.5&Prime; text_font_size=\u00a0\u00bb18&Prime; background_size=\u00a0\u00bbinitial\u00a0\u00bb background_position=\u00a0\u00bbtop_left\u00a0\u00bb background_repeat=\u00a0\u00bbrepeat\u00a0\u00bb use_border_color=\u00a0\u00bboff\u00a0\u00bb border_color=\u00a0\u00bb#ffffff\u00a0\u00bb border_style=\u00a0\u00bbsolid\u00a0\u00bb]<b>Qui est responsable du traitement de vos donn\u00e9es?<\/b><\/p>\n<ul>\n<li>Entit\u00e9: ASSOCIACI\u00d3 EQUAL SAREE &#8211; NIF: G65727901<\/li>\n<li>Adresse postale: C \/ Industria, 10 &#8211; 08037 Barcelone<\/li>\n<li>T\u00e9l\u00e9phone: +34 636267053 | +34 687181603 | +34 689154305<\/li>\n<li>Courriel: hola@equalsaree.org<\/li>\n<\/ul>\n<p><b>Quels sont vos droits lorsque vous fournissez vos donn\u00e9es?<\/b><\/p>\n<p>Vous avez le droit d&rsquo;obtenir la confirmation que ASSOCIACI\u00d3 EQUAL SAREE traite ou non les donn\u00e9es personnelles qui vous concernent.<\/p>\n<p>Les personnes int\u00e9ress\u00e9es ont le droit d&rsquo;acc\u00e9der \u00e0 leurs donn\u00e9es personnelles, ainsi que de demander la rectification de donn\u00e9es inexactes ou, le cas \u00e9ch\u00e9ant, de demander leur suppression lorsque, entre autres raisons, les donn\u00e9es ne sont plus n\u00e9cessaires aux fins pour lesquelles elles ont \u00e9t\u00e9 collect\u00e9es. Vous avez \u00e9galement le droit \u00e0 la portabilit\u00e9 de vos donn\u00e9es.<\/p>\n<p>Dans certaines circonstances, les personnes int\u00e9ress\u00e9es peuvent demander la limitation du traitement de leurs donn\u00e9es. Dans ce cas, ils ne seront conserv\u00e9s que pour l&rsquo;exercice ou la d\u00e9fense des r\u00e9clamations.<\/p>\n<p>Dans certaines circonstances et pour des raisons li\u00e9es \u00e0 leur situation particuli\u00e8re, les personnes int\u00e9ress\u00e9es peuvent s&rsquo;opposer au traitement de leurs donn\u00e9es. Dans ce cas, ASSOCIACI\u00d3 EQUAL SAREE cessera de traiter les donn\u00e9es, sauf pour des raisons l\u00e9gitimes imp\u00e9rieuses, ou pour l&rsquo;exercice ou la d\u00e9fense d&rsquo;\u00e9ventuelles r\u00e9clamations.<\/p>\n<p>Vous pouvez exercer mat\u00e9riellement vos droits de la mani\u00e8re suivante: en contactant la personne responsable du traitement.<\/p>\n<p>Lorsque des communications commerciales sont envoy\u00e9es en utilisant l&rsquo;int\u00e9r\u00eat l\u00e9gitime de la personne responsable comme base juridique, la personne int\u00e9ress\u00e9e peut s&rsquo;opposer au traitement de ses donn\u00e9es \u00e0 cette fin.<\/p>\n<p>Si vous avez donn\u00e9 votre consentement dans un but pr\u00e9cis, vous avez le droit de retirer le consentement accord\u00e9 \u00e0 tout moment, sans affecter la l\u00e9galit\u00e9 du traitement bas\u00e9 sur le consentement avant son retrait.<\/p>\n<p>Les donn\u00e9es personnelles demand\u00e9es sont essentielles pour r\u00e9pondre \u00e0 votre demande, r\u00e9soudre les probl\u00e8mes soulev\u00e9s et fournir les services contractuels. Si vous ne fournissez pas toutes les informations n\u00e9cessaires, votre demande ne pourra pas \u00eatre satisfaite, les informations demand\u00e9es ne seront pas envoy\u00e9es ou les services sur lesquels le propri\u00e9taire des donn\u00e9es est int\u00e9ress\u00e9 ne seront pas fournis.<\/p>\n<p>Si vous estimez que vos droits ont \u00e9t\u00e9 viol\u00e9s en termes de protection de vos donn\u00e9es personnelles, notamment lorsque l&rsquo;exercice de vos droits n&rsquo;a pas \u00e9t\u00e9 satisfaisant, vous pouvez d\u00e9poser une r\u00e9clamation aupr\u00e8s de l&rsquo;autorit\u00e9 de contr\u00f4le de la protection des donn\u00e9es comp\u00e9tente via son site internet: <span style=\"color: #0000ff;\"><u><a href=\"http:\/\/www.agpd.es\/\"><span style=\"color: #1155cc;\">www.agpd.es<\/span><\/a><\/u>.<\/span><\/p>\n<p><b>1. Traitement des donn\u00e9es personnelles de clients potentiels et de contacts via le Web<\/b><\/p>\n<p><b>Dans quel but traitons-nous vos donn\u00e9es personnelles?<\/b><\/p>\n<p>ASSOCIACI\u00d3 EQUAL SAREE traite les informations fournies par les personnes int\u00e9ress\u00e9es afin de r\u00e9pondre \u00e0 leurs demandes et leur envoie des communications commerciales, ainsi que des newsletters.<\/p>\n<p><b>Combien de temps vos donn\u00e9es sont-elles conserv\u00e9es?<\/b><\/p>\n<p>Les donn\u00e9es seront conserv\u00e9es tant que la personne int\u00e9ress\u00e9e ne demande pas leur suppression.<\/p>\n<p><b>Quelle est la l\u00e9gitimit\u00e9 du traitement de vos donn\u00e9es?<\/b><\/p>\n<p>Nous indiquons la base l\u00e9gale pour le traitement de vos donn\u00e9es:<\/p>\n<ul>\n<li>Ex\u00e9cution d&rsquo;un contrat: Fourniture des services demand\u00e9s.<\/li>\n<li>Consentement de la personne concern\u00e9e: r\u00e9pondez \u00e0 votre demande et vous envoyez des communications commerciales, ainsi que des newsletters.<\/li>\n<\/ul>\n<p><b>\u00c0 quels destinataires vos donn\u00e9es seront-elles communiqu\u00e9es?<\/b><\/p>\n<p>Aucune donn\u00e9e ne sera c\u00e9d\u00e9e \u00e0 des tiers, sauf obligation l\u00e9gale.<\/p>\n<p><b>Transferts de donn\u00e9es vers des pays tiers.<\/b><\/p>\n<p>Les transferts de donn\u00e9es suivants vers des pays tiers sont pr\u00e9vus:<\/p>\n<ul>\n<li>Mailchimp, afin d&rsquo;envoyer des communications commerciales et des newsletters. La garantie de ce transfert a \u00e9t\u00e9 \u00e9tablie par l&rsquo;existence d&rsquo;une d\u00e9cision d&rsquo;ad\u00e9quation de la Commission. Pour plus d&rsquo;informations, consultez le lien suivant: https:\/\/mailchimp.com\/legal\/privacy\/.<\/li>\n<li>Microsoft Corporation, afin de sauvegarder les donn\u00e9es et de g\u00e9rer l&rsquo;h\u00e9bergement des e-mails. La garantie de ce transfert a \u00e9t\u00e9 \u00e9tablie par l&rsquo;existence d&rsquo;une d\u00e9cision d&rsquo;ad\u00e9quation de la Commission. Pour plus d&rsquo;informations, consultez le lien suivant: <span style=\"color: #0000ff;\"><u><a href=\"https:\/\/privacy.microsoft.com\/es-es\/privacystatement\"><span style=\"color: #1155cc;\">https:\/\/privacy.microsoft.com\/es-es\/privacystatement<\/span><\/a><\/u>. <\/span><\/li>\n<\/ul>\n<p><b>2. Traitement des donn\u00e9es personnelles des contacts de messagerie<\/b><\/p>\n<p><b>Dans quel but traitons-nous vos donn\u00e9es personnelles?<\/b><\/p>\n<p>ASSOCIACI\u00d3 EQUAL SAREE traite les informations fournies par les personnes int\u00e9ress\u00e9es afin de fournir les services demand\u00e9s, de r\u00e9pondre aux demandes d&rsquo;informations et d&rsquo;envoyer des communications commerciales. Dans le cas o\u00f9 vous ne fournissez pas vos donn\u00e9es personnelles, les fonctionnalit\u00e9s d\u00e9crites ci-dessus ne peuvent pas \u00eatre remplies.<\/p>\n<p>Aucune d\u00e9cision automatis\u00e9e ne sera prise sur la base des donn\u00e9es fournies.<\/p>\n<p><b>Combien de temps vos donn\u00e9es sont-elles conserv\u00e9es?<\/b><\/p>\n<p>Les donn\u00e9es seront conserv\u00e9es tant que la personne int\u00e9ress\u00e9e ne demande pas leur suppression.<\/p>\n<p><b>Quelle est la l\u00e9gitimit\u00e9 du traitement de vos donn\u00e9es?<\/b><\/p>\n<p>Nous indiquons la base l\u00e9gale pour le traitement de vos donn\u00e9es:<\/p>\n<ul>\n<li>Ex\u00e9cution d&rsquo;un contrat: r\u00e9pondez \u00e0 votre demande<\/li>\n<li>Int\u00e9r\u00eat l\u00e9gitime de la personne responsable: Envoi de communications commerciales sur des services ou des produits.<\/li>\n<li>Consentement de la personne int\u00e9ress\u00e9e: Envoi de communications commerciales sur des services ou des produits sur la base de demandes ant\u00e9rieures maintenues aupr\u00e8s de la personne responsable du traitement.<\/li>\n<\/ul>\n<p><b>\u00c0 quels destinataires vos donn\u00e9es seront-elles communiqu\u00e9es?<\/b><\/p>\n<p>Aucune donn\u00e9e ne sera c\u00e9d\u00e9e \u00e0 des tiers, sauf obligation l\u00e9gale.<\/p>\n<p><b>Transferts de donn\u00e9es vers des pays tiers.<\/b><\/p>\n<p>Les transferts de donn\u00e9es suivants vers des pays tiers sont pr\u00e9vus:<\/p>\n<ul>\n<li>Microsoft Corporation, afin de sauvegarder les donn\u00e9es et de g\u00e9rer l&rsquo;h\u00e9bergement des e-mails. La garantie de ce transfert a \u00e9t\u00e9 \u00e9tablie par l&rsquo;existence d&rsquo;une d\u00e9cision d&rsquo;ad\u00e9quation de la Commission. Pour plus d&rsquo;informations, consultez le lien suivant: <span style=\"color: #0000ff;\"><u><a href=\"https:\/\/privacy.microsoft.com\/es-es\/privacystatement\"><span style=\"color: #1155cc;\">https:\/\/privacy.microsoft.com\/es-es\/privacystatement<\/span><\/a><\/u>. <\/span><\/li>\n<\/ul>\n<p><b>3. Traitement des donn\u00e9es personnelles pour les budgets envoy\u00e9s par voie \u00e9lectronique<\/b><\/p>\n<p><b>Dans quel but traitons-nous vos donn\u00e9es personnelles?<\/b><br \/>\nASSOCIACI\u00d3 EQUAL SAREE traite les informations fournies par les personnes int\u00e9ress\u00e9es afin d&rsquo;effectuer la gestion administrative, comptable et fiscale du budget d&rsquo;assurance demand\u00e9, ainsi que d&rsquo;envoyer des communications commerciales sur les produits et services.<\/p>\n<p>Aucune d\u00e9cision automatis\u00e9e ne sera prise sur la base des donn\u00e9es fournies.<\/p>\n<p><b>Combien de temps vos donn\u00e9es sont-elles conserv\u00e9es?<\/b><\/p>\n<p>Les donn\u00e9es seront conserv\u00e9es aussi longtemps que la relation commerciale est maintenue et, le cas \u00e9ch\u00e9ant, pendant les ann\u00e9es n\u00e9cessaires pour se conformer aux obligations l\u00e9gales.<\/p>\n<p><b>Quelle est la l\u00e9gitimit\u00e9 du traitement de vos donn\u00e9es?<\/b><\/p>\n<p>Nous indiquons la base l\u00e9gale pour le traitement de vos donn\u00e9es:<\/p>\n<ul>\n<li>Ex\u00e9cution d&rsquo;un contrat: Fourniture des services demand\u00e9s ou, le cas \u00e9ch\u00e9ant, traitement des donn\u00e9es sanitaires, sociales et connexes, conform\u00e9ment \u00e0 l&rsquo;exception de l&rsquo;art. 9.2.h du RGPD et la relation du membre avec la coop\u00e9rative.<\/li>\n<li>Consentement de la personne int\u00e9ress\u00e9e: Envoi de communications commerciales ou de newsletters.<\/li>\n<\/ul>\n<p><b>\u00c0 quels destinataires vos donn\u00e9es seront-elles communiqu\u00e9es?<\/b><\/p>\n<p>Les donn\u00e9es seront communiqu\u00e9es aux destinataires suivants:<\/p>\n<ul>\n<li>Administration fiscale, afin de se conformer aux obligations l\u00e9gales (obligation l\u00e9gale).<\/li>\n<li>Le cas \u00e9ch\u00e9ant, un transporteur ou une entreprise de transport, afin de g\u00e9rer la collecte, le suivi et la livraison des envois (exigence contractuelle).<\/li>\n<li>Entit\u00e9s d&rsquo;assurance et de r\u00e9assurance, afin de g\u00e9rer les services demand\u00e9s.<\/li>\n<li>Entit\u00e9s financi\u00e8res, afin d&rsquo;\u00e9mettre les re\u00e7us correspondants (exigence contractuelle).<\/li>\n<\/ul>\n<p><b>Transferts de donn\u00e9es vers des pays tiers.<\/b><\/p>\n<p>Les transferts de donn\u00e9es suivants vers des pays tiers sont pr\u00e9vus:<\/p>\n<ul>\n<li>Mailchimp, afin d&rsquo;envoyer des communications commerciales et des newsletters. La garantie de ce transfert a \u00e9t\u00e9 \u00e9tablie par l&rsquo;existence d&rsquo;une d\u00e9cision d&rsquo;ad\u00e9quation de la Commission. Pour plus d&rsquo;informations, consultez le lien suivant: https:\/\/mailchimp.com\/legal\/privacy\/.<\/li>\n<li>Microsoft Corporation, afin de sauvegarder les donn\u00e9es et de g\u00e9rer l&rsquo;h\u00e9bergement des e-mails. La garantie de ce transfert a \u00e9t\u00e9 \u00e9tablie par l&rsquo;existence d&rsquo;une d\u00e9cision d&rsquo;ad\u00e9quation de la Commission. Pour plus d&rsquo;informations, consultez le lien suivant: <span style=\"color: #0000ff;\"><u><a href=\"https:\/\/privacy.microsoft.com\/es-es\/privacystatement\"><span style=\"color: #1155cc;\">https:\/\/privacy.microsoft.com\/es-es\/privacystatement<\/span><\/a><\/u>. <\/span><\/li>\n<\/ul>\n<p><b>4. Traitement des donn\u00e9es personnelles du curriculum vitae (s\u00e9lection du personnel)<\/b><\/p>\n<p><b>Dans quel but traitons-nous vos donn\u00e9es personnelles?<\/b><\/p>\n<p>ASSOCIACI\u00d3 EQUAL SAREE traite les informations fournies par les personnes int\u00e9ress\u00e9es afin de g\u00e9rer le curriculum vitae re\u00e7u et de mener \u00e0 bien les processus de s\u00e9lection du personnel.<br \/>\nAucune d\u00e9cision automatis\u00e9e ne sera prise sur la base des donn\u00e9es fournies.<\/p>\n<p><b>Combien de temps vos donn\u00e9es sont-elles conserv\u00e9es?<\/b><\/p>\n<p>Cinq ans depuis la derni\u00e8re interaction.<\/p>\n<p><b>Quelle est la l\u00e9gitimit\u00e9 du traitement de vos donn\u00e9es?<\/b><\/p>\n<p>Nous indiquons la base l\u00e9gale pour le traitement de vos donn\u00e9es:<\/p>\n<ul>\n<li>Consentement de la personne int\u00e9ress\u00e9e: G\u00e9rer le curriculum vitae re\u00e7u et effectuer les processus de s\u00e9lection du personnel.<\/li>\n<\/ul>\n<p><b>\u00c0 quels destinataires vos donn\u00e9es seront-elles communiqu\u00e9es?<\/b><\/p>\n<p>Aucune donn\u00e9e ne sera c\u00e9d\u00e9e \u00e0 des tiers, sauf obligation l\u00e9gale.<\/p>\n<p><b>Transferts de donn\u00e9es vers des pays tiers.<\/b><\/p>\n<p>Les transferts de donn\u00e9es suivants vers des pays tiers sont pr\u00e9vus:<\/p>\n<ul>\n<li>Microsoft Corporation, afin de sauvegarder les donn\u00e9es et de g\u00e9rer l&rsquo;h\u00e9bergement des e-mails. La garantie de ce transfert a \u00e9t\u00e9 \u00e9tablie par l&rsquo;existence d&rsquo;une d\u00e9cision d&rsquo;ad\u00e9quation de la Commission. Pour plus d&rsquo;informations, consultez le lien suivant: <span style=\"color: #0000ff;\"><u><a href=\"https:\/\/privacy.microsoft.com\/es-es\/privacystatement\"><span style=\"color: #1155cc;\">https:\/\/privacy.microsoft.com\/es-es\/privacystatement<\/span><\/a><\/u>. <\/span><\/li>\n<\/ul>\n<p><b>5. Traitement des donn\u00e9es personnelles des assur\u00e9s<\/b><\/p>\n<p><b>Dans quel but traitons-nous vos donn\u00e9es personnelles?<\/b><\/p>\n<p>ASSOCIACI\u00d3 EQUAL SAREE traite les informations fournies par les parties int\u00e9ress\u00e9es afin de r\u00e9aliser la gestion administrative, comptable et fiscale de l&rsquo;assurance souscrite ou de la relation du membre avec la coop\u00e9rative, ainsi que d&rsquo;envoyer des communications commerciales sur les produits et services.<\/p>\n<p><b>Combien de temps vos donn\u00e9es sont-elles conserv\u00e9es?<\/b><\/p>\n<p>Les donn\u00e9es seront conserv\u00e9es aussi longtemps que la relation commerciale est maintenue et, le cas \u00e9ch\u00e9ant, pendant les ann\u00e9es n\u00e9cessaires pour se conformer aux obligations l\u00e9gales.<\/p>\n<p><b>Quelle est la l\u00e9gitimit\u00e9 du traitement de vos donn\u00e9es?<\/b><\/p>\n<p>Nous indiquons la base l\u00e9gale pour le traitement de vos donn\u00e9es:<\/p>\n<ul>\n<li>Ex\u00e9cution d&rsquo;un contrat: Fourniture des services demand\u00e9s ou, le cas \u00e9ch\u00e9ant, traitement des donn\u00e9es sanitaires, sociales et connexes, conform\u00e9ment \u00e0 l&rsquo;exception de l&rsquo;art. 9.2.h du RGPD et la relation du membre avec l\u2019association.<\/li>\n<li>Int\u00e9r\u00eat l\u00e9gitime du responsable: Envoi de communications commerciales.<\/li>\n<\/ul>\n<p><b>\u00c0 quels destinataires vos donn\u00e9es seront-elles communiqu\u00e9es?<\/b><\/p>\n<p>Les donn\u00e9es seront communiqu\u00e9es aux destinataires suivants:<\/p>\n<ul>\n<li>Conseil fiscal et comptable, registres publics, banques et caisses d&rsquo;\u00e9pargne et administration fiscale, afin de se conformer aux obligations l\u00e9gales.<\/li>\n<li>Compagnies d&rsquo;assurance ou de r\u00e9assurance, afin de g\u00e9rer les services demand\u00e9s.<\/li>\n<li>Entit\u00e9s financi\u00e8res, afin d&rsquo;effectuer les paiements correspondants.<\/li>\n<li>Le cas \u00e9ch\u00e9ant, transporteur ou soci\u00e9t\u00e9 de transport, afin de g\u00e9rer la collecte, le suivi et la livraison des envois.<\/li>\n<\/ul>\n<p><b>Transferts de donn\u00e9es vers des pays tiers.<\/b><\/p>\n<p>Les transferts de donn\u00e9es suivants vers des pays tiers sont pr\u00e9vus:<\/p>\n<ul>\n<li>Mailchimp, afin d&rsquo;envoyer des communications commerciales et des newsletters. La garantie de ce transfert a \u00e9t\u00e9 \u00e9tablie par l&rsquo;existence d&rsquo;une d\u00e9cision d&rsquo;ad\u00e9quation de la Commission. Pour plus d&rsquo;informations, consultez le lien suivant: https:\/\/mailchimp.com\/legal\/privacy\/.<\/li>\n<li>Microsoft Corporation, afin de sauvegarder les donn\u00e9es et de g\u00e9rer l&rsquo;h\u00e9bergement des e-mails. La garantie de ce transfert a \u00e9t\u00e9 \u00e9tablie par l&rsquo;existence d&rsquo;une d\u00e9cision d&rsquo;ad\u00e9quation de la Commission. Pour plus d&rsquo;informations, consultez le lien suivant: <span style=\"color: #0000ff;\"><u><a href=\"https:\/\/privacy.microsoft.com\/es-es\/privacystatement\"><span style=\"color: #1155cc;\">https:\/\/privacy.microsoft.com\/es-es\/privacystatement<\/span><\/a><\/u>. <\/span><\/li>\n<\/ul>\n<p><b>6. Traitement des donn\u00e9es personnelles des utilisateurs enregistr\u00e9s et de l&rsquo;espace client.<\/b><\/p>\n<p><b>Dans quel but traitons-nous vos donn\u00e9es personnelles?<\/b><\/p>\n<p>ASSOCIACI\u00d3 EQUAL SAREE traite les informations fournies par les personnes int\u00e9ress\u00e9es afin d&rsquo;enregistrer et de g\u00e9rer les demandes des utilisateurs du Web, d&rsquo;effectuer la gestion administrative, comptable et fiscale des services demand\u00e9s, ainsi que d&rsquo;envoyer des communications commerciales sur les produits et services des bulletins. Dans le cas o\u00f9 vous ne fournissez pas vos donn\u00e9es personnelles, les fonctionnalit\u00e9s d\u00e9crites ci-dessus ne peuvent pas \u00eatre remplies.<\/p>\n<p>Aucune d\u00e9cision automatis\u00e9e ne sera prise sur la base des donn\u00e9es fournies.<\/p>\n<p><b>Combien de temps vos donn\u00e9es sont-elles conserv\u00e9es?<\/b><\/p>\n<p>Les donn\u00e9es seront conserv\u00e9es tant que la personne int\u00e9ress\u00e9e ne demandera pas leur suppression et, le cas \u00e9ch\u00e9ant, pendant les ann\u00e9es n\u00e9cessaires pour se conformer aux obligations l\u00e9gales.<\/p>\n<p><b>Quelle est la l\u00e9gitimit\u00e9 du traitement de vos donn\u00e9es?<\/b><\/p>\n<p>Nous indiquons la base l\u00e9gale pour le traitement de vos donn\u00e9es:<\/p>\n<ul>\n<li>Ex\u00e9cution d&rsquo;un contrat: Enregistrement et gestion ult\u00e9rieure des demandes des utilisateurs du web et, le cas \u00e9ch\u00e9ant, pour le traitement des donn\u00e9es sanitaires, sociales et connexes, conform\u00e9ment \u00e0 l&rsquo;exception de l&rsquo;art. 9.2.h du RGPD et la relation du membre avec l\u2019association.<\/li>\n<li>Consentement de la personne int\u00e9ress\u00e9e: Envoyez des communications commerciales par e-mail sur nos produits et services ou nos newsletters.<\/li>\n<\/ul>\n<p><b>\u00c0 quels destinataires vos donn\u00e9es seront-elles communiqu\u00e9es?<\/b><\/p>\n<p>Les donn\u00e9es seront communiqu\u00e9es aux destinataires suivants:<\/p>\n<ul>\n<li>Le cas \u00e9ch\u00e9ant, l&rsquo;administration fiscale, afin de se conformer aux obligations l\u00e9gales (obligation l\u00e9gale).<\/li>\n<li>Le cas \u00e9ch\u00e9ant, les entit\u00e9s financi\u00e8res, afin d&rsquo;\u00e9mettre les re\u00e7us correspondants (exigence contractuelle).<\/li>\n<li>Compagnies d&rsquo;assurance ou de r\u00e9assurance, afin de g\u00e9rer les services demand\u00e9s.<\/li>\n<\/ul>\n<p><b>Transferts de donn\u00e9es vers des pays tiers.<\/b><\/p>\n<p>Les transferts de donn\u00e9es suivants vers des pays tiers sont pr\u00e9vus:<\/p>\n<ul>\n<li>Mailchimp, afin d&rsquo;envoyer des communications commerciales et des newsletters. La garantie de ce transfert a \u00e9t\u00e9 \u00e9tablie par l&rsquo;existence d&rsquo;une d\u00e9cision d&rsquo;ad\u00e9quation de la Commission. Pour plus d&rsquo;informations, consultez le lien suivant: https:\/\/mailchimp.com\/legal\/privacy\/.<\/li>\n<li>Microsoft Corporation, afin de sauvegarder les donn\u00e9es et de g\u00e9rer l&rsquo;h\u00e9bergement des e-mails. La garantie de ce transfert a \u00e9t\u00e9 \u00e9tablie par l&rsquo;existence d&rsquo;une d\u00e9cision d&rsquo;ad\u00e9quation de la Commission. Pour plus d&rsquo;informations, consultez le lien suivant: <span style=\"color: #0000ff;\"><u><a href=\"https:\/\/privacy.microsoft.com\/es-es\/privacystatement\"><span style=\"color: #1155cc;\">https:\/\/privacy.microsoft.com\/es-es\/privacystatement<\/span><\/a><\/u>. <\/span><\/li>\n<\/ul>\n<p>[\/et_pb_text][\/et_pb_column][\/et_pb_row][et_pb_row admin_label=\u00a0\u00bbFila\u00a0\u00bb _builder_version=\u00a0\u00bb3.25&Prime; background_size=\u00a0\u00bbinitial\u00a0\u00bb background_position=\u00a0\u00bbtop_left\u00a0\u00bb background_repeat=\u00a0\u00bbrepeat\u00a0\u00bb][et_pb_column type=\u00a0\u00bb4_4&Prime; _builder_version=\u00a0\u00bb3.25&Prime; custom_padding=\u00a0\u00bb|||\u00a0\u00bb custom_padding__hover=\u00a0\u00bb|||\u00a0\u00bb][et_pb_divider show_divider=\u00a0\u00bboff\u00a0\u00bb disabled_on=\u00a0\u00bbon|on|off\u00a0\u00bb admin_label=\u00a0\u00bbSeparador\u00a0\u00bb _builder_version=\u00a0\u00bb4.4.5&Prime; height=\u00a0\u00bb20px\u00a0\u00bb hide_on_mobile=\u00a0\u00bbon\u00a0\u00bb]\u00a0[\/et_pb_divider][\/et_pb_column][\/et_pb_row][\/et_pb_section]<\/p>\n","protected":false},"excerpt":{"rendered":"<p>Politique de confidentialit\u00e9\u00a0Qui est responsable du traitement de vos donn\u00e9es? Entit\u00e9: ASSOCIACI\u00d3 EQUAL SAREE &#8211; NIF: G65727901 Adresse postale: C \/ Industria, 10 &#8211; 08037 Barcelone T\u00e9l\u00e9phone: +34 636267053 | +34 687181603 | +34 689154305 Courriel: hola@equalsaree.org Quels sont vos droits lorsque vous fournissez vos donn\u00e9es? Vous avez le droit d&rsquo;obtenir la confirmation que ASSOCIACI\u00d3 [&hellip;]<\/p>\n","protected":false},"author":4,"featured_media":0,"parent":0,"menu_order":0,"comment_status":"closed","ping_status":"closed","template":"","meta":{"_seopress_robots_primary_cat":"","_seopress_titles_title":"","_seopress_titles_desc":"","_seopress_robots_index":"","_et_pb_use_builder":"on","_et_pb_old_content":"","_et_gb_content_width":"","footnotes":""},"class_list":["post-8452","page","type-page","status-publish","hentry"],"_links":{"self":[{"href":"https:\/\/equalsaree.org\/fr\/wp-json\/wp\/v2\/pages\/8452","targetHints":{"allow":["GET"]}}],"collection":[{"href":"https:\/\/equalsaree.org\/fr\/wp-json\/wp\/v2\/pages"}],"about":[{"href":"https:\/\/equalsaree.org\/fr\/wp-json\/wp\/v2\/types\/page"}],"author":[{"embeddable":true,"href":"https:\/\/equalsaree.org\/fr\/wp-json\/wp\/v2\/users\/4"}],"replies":[{"embeddable":true,"href":"https:\/\/equalsaree.org\/fr\/wp-json\/wp\/v2\/comments?post=8452"}],"version-history":[{"count":0,"href":"https:\/\/equalsaree.org\/fr\/wp-json\/wp\/v2\/pages\/8452\/revisions"}],"wp:attachment":[{"href":"https:\/\/equalsaree.org\/fr\/wp-json\/wp\/v2\/media?parent=8452"}],"curies":[{"name":"wp","href":"https:\/\/api.w.org\/{rel}","templated":true}]}}