{"id":5165,"date":"2020-05-14T09:29:50","date_gmt":"2020-05-14T09:29:50","guid":{"rendered":"https:\/\/equalsaree.org\/?page_id=5165"},"modified":"2021-01-26T12:56:38","modified_gmt":"2021-01-26T12:56:38","slug":"conseil-2","status":"publish","type":"page","link":"https:\/\/equalsaree.org\/fr\/conseil-2\/","title":{"rendered":"Conseil"},"content":{"rendered":"<p>[et_pb_section fb_built=\u00a0\u00bb1&Prime; admin_label=\u00a0\u00bbsection\u00a0\u00bb _builder_version=\u00a0\u00bb3.22&Prime;][et_pb_row admin_label=\u00a0\u00bbrow\u00a0\u00bb _builder_version=\u00a0\u00bb3.25&Prime; background_size=\u00a0\u00bbinitial\u00a0\u00bb background_position=\u00a0\u00bbtop_left\u00a0\u00bb background_repeat=\u00a0\u00bbrepeat\u00a0\u00bb][et_pb_column type=\u00a0\u00bb4_4&Prime; _builder_version=\u00a0\u00bb3.25&Prime; custom_padding=\u00a0\u00bb|||\u00a0\u00bb custom_padding__hover=\u00a0\u00bb|||\u00a0\u00bb][et_pb_text admin_label=\u00a0\u00bbTexto\u00a0\u00bb _builder_version=\u00a0\u00bb3.27.4&Prime; text_font_size=\u00a0\u00bb18&Prime; use_border_color=\u00a0\u00bboff\u00a0\u00bb border_color=\u00a0\u00bb#ffffff\u00a0\u00bb border_style=\u00a0\u00bbsolid\u00a0\u00bb]&nbsp;<\/p>\n<h1><span style=\"color: #54beb7;\"><strong>Services<\/strong><\/span><\/h1>\n<p>&nbsp;<br \/>\n[\/et_pb_text][et_pb_divider show_divider=\u00a0\u00bboff\u00a0\u00bb disabled_on=\u00a0\u00bbon|on|off\u00a0\u00bb admin_label=\u00a0\u00bbSeparador\u00a0\u00bb _builder_version=\u00a0\u00bb3.23.4&Prime; height=\u00a0\u00bb20px\u00a0\u00bb hide_on_mobile=\u00a0\u00bbon\u00a0\u00bb][\/et_pb_divider][\/et_pb_column][\/et_pb_row][et_pb_row column_structure=\u00a0\u00bb1_2,1_2&Prime; admin_label=\u00a0\u00bbrow\u00a0\u00bb _builder_version=\u00a0\u00bb3.25&Prime; background_size=\u00a0\u00bbinitial\u00a0\u00bb background_position=\u00a0\u00bbtop_left\u00a0\u00bb background_repeat=\u00a0\u00bbrepeat\u00a0\u00bb][et_pb_column type=\u00a0\u00bb1_2&Prime; _builder_version=\u00a0\u00bb3.25&Prime; custom_padding=\u00a0\u00bb|||\u00a0\u00bb custom_padding__hover=\u00a0\u00bb|||\u00a0\u00bb][et_pb_text admin_label=\u00a0\u00bbTexto\u00a0\u00bb _builder_version=\u00a0\u00bb4.4.5&Prime; text_font_size=\u00a0\u00bb18&Prime; use_border_color=\u00a0\u00bboff\u00a0\u00bb]<\/p>\n<p><b>CONSEIL- \u00c9tudes urbains avec l&rsquo;approche genre et interseccionnelle<\/b><\/p>\n<p>[\/et_pb_text][et_pb_divider show_divider=\u00a0\u00bboff\u00a0\u00bb disabled_on=\u00a0\u00bbon|on|off\u00a0\u00bb admin_label=\u00a0\u00bbSeparador\u00a0\u00bb _builder_version=\u00a0\u00bb3.2&Prime; hide_on_mobile=\u00a0\u00bbon\u00a0\u00bb][\/et_pb_divider][\/et_pb_column][et_pb_column type=\u00a0\u00bb1_2&Prime; _builder_version=\u00a0\u00bb3.25&Prime; custom_padding=\u00a0\u00bb|||\u00a0\u00bb custom_padding__hover=\u00a0\u00bb|||\u00a0\u00bb][et_pb_text admin_label=\u00a0\u00bbTexto\u00a0\u00bb _builder_version=\u00a0\u00bb4.4.5&Prime; text_font_size=\u00a0\u00bb18&Prime; use_border_color=\u00a0\u00bboff\u00a0\u00bb]<b>Que faisons-nous?<\/b><br \/>\n[\/et_pb_text][et_pb_divider show_divider=\u00a0\u00bboff\u00a0\u00bb disabled_on=\u00a0\u00bbon|on|off\u00a0\u00bb admin_label=\u00a0\u00bbSeparador\u00a0\u00bb _builder_version=\u00a0\u00bb3.2&Prime; hide_on_mobile=\u00a0\u00bbon\u00a0\u00bb][\/et_pb_divider][\/et_pb_column][\/et_pb_row][et_pb_row column_structure=\u00a0\u00bb1_2,1_2&Prime; admin_label=\u00a0\u00bbFila\u00a0\u00bb _builder_version=\u00a0\u00bb3.25&Prime; background_size=\u00a0\u00bbinitial\u00a0\u00bb background_position=\u00a0\u00bbtop_left\u00a0\u00bb background_repeat=\u00a0\u00bbrepeat\u00a0\u00bb][et_pb_column type=\u00a0\u00bb1_2&Prime; _builder_version=\u00a0\u00bb3.25&Prime; custom_padding=\u00a0\u00bb|||\u00a0\u00bb custom_padding__hover=\u00a0\u00bb|||\u00a0\u00bb][et_pb_text admin_label=\u00a0\u00bbTexto\u00a0\u00bb _builder_version=\u00a0\u00bb4.4.5&Prime; text_font_size=\u00a0\u00bb12&Prime; text_line_height=\u00a0\u00bb1.4em\u00a0\u00bb use_border_color=\u00a0\u00bboff\u00a0\u00bb]<\/p>\n<p><span style=\"font-weight: 400;\">Une analyse des espaces dans une perspective de genre et d&rsquo;intersection permet de comprendre les exp\u00e9riences de toutes les personnes, avec toute la diversit\u00e9 et la complexit\u00e9 que cela implique. Afin de planifier des actions plus \u00e9quitables et efficaces, nous \u00e9tudions les r\u00e9alit\u00e9s quotidiennes des citoyennes et comment les espaces urbains peuvent r\u00e9pondre aux besoins d\u00e9tect\u00e9s.<\/span><\/p>\n<p>[\/et_pb_text][\/et_pb_column][et_pb_column type=\u00a0\u00bb1_2&Prime; _builder_version=\u00a0\u00bb3.25&Prime; custom_padding=\u00a0\u00bb|||\u00a0\u00bb custom_padding__hover=\u00a0\u00bb|||\u00a0\u00bb][et_pb_text admin_label=\u00a0\u00bbTexto\u00a0\u00bb _builder_version=\u00a0\u00bb4.4.5&Prime; text_font_size=\u00a0\u00bb12&Prime; text_line_height=\u00a0\u00bb1.4em\u00a0\u00bb background_size=\u00a0\u00bbinitial\u00a0\u00bb background_position=\u00a0\u00bbtop_left\u00a0\u00bb background_repeat=\u00a0\u00bbrepeat\u00a0\u00bb use_border_color=\u00a0\u00bboff\u00a0\u00bb]<\/p>\n<ul>\n<li style=\"font-weight: 400;\">Diagnostique et \u00e9valuation de qualit\u00e9 et s\u00e9curit\u00e9<\/li>\n<li style=\"font-weight: 400;\">Planification strat\u00e9gique<\/li>\n<li style=\"font-weight: 400;\">Recherche participative<\/li>\n<\/ul>\n<p>[\/et_pb_text][\/et_pb_column][\/et_pb_row][et_pb_row admin_label=\u00a0\u00bbFila\u00a0\u00bb _builder_version=\u00a0\u00bb3.25&Prime; background_size=\u00a0\u00bbinitial\u00a0\u00bb background_position=\u00a0\u00bbtop_left\u00a0\u00bb background_repeat=\u00a0\u00bbrepeat\u00a0\u00bb][et_pb_column type=\u00a0\u00bb4_4&Prime; _builder_version=\u00a0\u00bb3.25&Prime; custom_padding=\u00a0\u00bb|||\u00a0\u00bb custom_padding__hover=\u00a0\u00bb|||\u00a0\u00bb][et_pb_divider show_divider=\u00a0\u00bboff\u00a0\u00bb disabled_on=\u00a0\u00bbon|on|off\u00a0\u00bb admin_label=\u00a0\u00bbSeparador\u00a0\u00bb _builder_version=\u00a0\u00bb3.23.4&Prime; height=\u00a0\u00bb20px\u00a0\u00bb hide_on_mobile=\u00a0\u00bbon\u00a0\u00bb][\/et_pb_divider][\/et_pb_column][\/et_pb_row][et_pb_row column_structure=\u00a0\u00bb1_2,1_2&Prime; admin_label=\u00a0\u00bbFila\u00a0\u00bb _builder_version=\u00a0\u00bb3.25&Prime; background_size=\u00a0\u00bbinitial\u00a0\u00bb background_position=\u00a0\u00bbtop_left\u00a0\u00bb background_repeat=\u00a0\u00bbrepeat\u00a0\u00bb][et_pb_column type=\u00a0\u00bb1_2&Prime; _builder_version=\u00a0\u00bb3.25&Prime; custom_padding=\u00a0\u00bb|||\u00a0\u00bb custom_padding__hover=\u00a0\u00bb|||\u00a0\u00bb][et_pb_text admin_label=\u00a0\u00bbTexto\u00a0\u00bb _builder_version=\u00a0\u00bb4.4.5&Prime; text_font_size=\u00a0\u00bb12&Prime; hover_enabled=\u00a0\u00bb0&Prime; use_border_color=\u00a0\u00bboff\u00a0\u00bb]<\/p>\n<p><strong><span style=\"color: #73bbb4;\"><a style=\"color: #d6202d;\" href=\"https:\/\/equalsaree.org\/fr\/espaces-urbains\/\">Espaces urbains<\/a><\/span>\u00a0<span style=\"color: #d6202d;\">|\u00a0<a style=\"color: #d6202d;\" href=\"https:\/\/equalsaree.org\/fr\/participation\/\">Participation |<\/a> <\/span><\/strong><span style=\"color: #d6202d;\"><strong><a style=\"color: #d6202d;\" href=\"https:\/\/equalsaree.org\/fr\/espaceseducatifs\/\">Espaces \u00e9ducatifs |<\/a> <a style=\"color: #d6202d;\" href=\"https:\/\/equalsaree.org\/fr\/formation\/\">Formation<\/a>\u00a0|<span style=\"color: #73bbb4;\">\u00a0<a style=\"color: #d6202d;\" href=\"https:\/\/equalsaree.org\/fr\/conseil\/\">Conseil<\/a><\/span><\/strong><\/span><\/p>\n<p>[\/et_pb_text][\/et_pb_column][et_pb_column type=\u00a0\u00bb1_2&Prime; _builder_version=\u00a0\u00bb3.25&Prime; custom_padding=\u00a0\u00bb|||\u00a0\u00bb custom_padding__hover=\u00a0\u00bb|||\u00a0\u00bb][\/et_pb_column][\/et_pb_row][et_pb_row admin_label=\u00a0\u00bbFila\u00a0\u00bb _builder_version=\u00a0\u00bb3.25&Prime; background_size=\u00a0\u00bbinitial\u00a0\u00bb background_position=\u00a0\u00bbtop_left\u00a0\u00bb background_repeat=\u00a0\u00bbrepeat\u00a0\u00bb][et_pb_column type=\u00a0\u00bb4_4&Prime; _builder_version=\u00a0\u00bb3.25&Prime; custom_padding=\u00a0\u00bb|||\u00a0\u00bb custom_padding__hover=\u00a0\u00bb|||\u00a0\u00bb][et_pb_divider color=\u00a0\u00bb#000000&Prime; divider_position=\u00a0\u00bbcenter\u00a0\u00bb disabled_on=\u00a0\u00bbon|on|off\u00a0\u00bb admin_label=\u00a0\u00bbSeparador\u00a0\u00bb _builder_version=\u00a0\u00bb3.23.4&Prime; height=\u00a0\u00bb80px\u00a0\u00bb hide_on_mobile=\u00a0\u00bbon\u00a0\u00bb][\/et_pb_divider][\/et_pb_column][\/et_pb_row][et_pb_row admin_label=\u00a0\u00bbFila\u00a0\u00bb _builder_version=\u00a0\u00bb3.25&Prime; background_size=\u00a0\u00bbinitial\u00a0\u00bb background_position=\u00a0\u00bbtop_left\u00a0\u00bb background_repeat=\u00a0\u00bbrepeat\u00a0\u00bb][et_pb_column type=\u00a0\u00bb4_4&Prime; _builder_version=\u00a0\u00bb3.25&Prime; custom_padding=\u00a0\u00bb|||\u00a0\u00bb custom_padding__hover=\u00a0\u00bb|||\u00a0\u00bb][et_pb_slider admin_label=\u00a0\u00bbDeslizador\u00a0\u00bb _builder_version=\u00a0\u00bb4.4.5&Prime; header_text_color=\u00a0\u00bb#000000&Prime; body_text_color=\u00a0\u00bb#000000&Prime; background_size=\u00a0\u00bbcontain\u00a0\u00bb background_position=\u00a0\u00bbcenter_right\u00a0\u00bb custom_button=\u00a0\u00bbon\u00a0\u00bb button_border_width=\u00a0\u00bb0&Prime; custom_padding=\u00a0\u00bb50px|0px|50px|0px\u00a0\u00bb custom_padding_tablet=\u00a0\u00bb|||\u00a0\u00bb auto=\u00a0\u00bbon\u00a0\u00bb button_text_size__hover_enabled=\u00a0\u00bboff\u00a0\u00bb button_one_text_size__hover_enabled=\u00a0\u00bboff\u00a0\u00bb button_two_text_size__hover_enabled=\u00a0\u00bboff\u00a0\u00bb button_text_color__hover_enabled=\u00a0\u00bboff\u00a0\u00bb button_one_text_color__hover_enabled=\u00a0\u00bboff\u00a0\u00bb button_two_text_color__hover_enabled=\u00a0\u00bboff\u00a0\u00bb button_border_width__hover_enabled=\u00a0\u00bboff\u00a0\u00bb button_one_border_width__hover_enabled=\u00a0\u00bboff\u00a0\u00bb button_two_border_width__hover_enabled=\u00a0\u00bboff\u00a0\u00bb button_border_color__hover_enabled=\u00a0\u00bboff\u00a0\u00bb button_one_border_color__hover_enabled=\u00a0\u00bboff\u00a0\u00bb button_two_border_color__hover_enabled=\u00a0\u00bboff\u00a0\u00bb button_border_radius__hover_enabled=\u00a0\u00bboff\u00a0\u00bb button_one_border_radius__hover_enabled=\u00a0\u00bboff\u00a0\u00bb button_two_border_radius__hover_enabled=\u00a0\u00bboff\u00a0\u00bb button_letter_spacing__hover_enabled=\u00a0\u00bboff\u00a0\u00bb button_one_letter_spacing__hover_enabled=\u00a0\u00bboff\u00a0\u00bb button_two_letter_spacing__hover_enabled=\u00a0\u00bboff\u00a0\u00bb button_bg_color__hover_enabled=\u00a0\u00bboff\u00a0\u00bb button_one_bg_color__hover_enabled=\u00a0\u00bboff\u00a0\u00bb button_two_bg_color__hover_enabled=\u00a0\u00bboff\u00a0\u00bb][et_pb_slide heading=\u00a0\u00bbDiagnostique et \u00e9valuation de qualit\u00e9 et s\u00e9curit\u00e9\u00a0\u00bb image=\u00a0\u00bbhttps:\/\/equalsaree.org\/wp-content\/uploads\/2020\/05\/1.-Diagnosi-de-qualitat-i-seguretat-1.jpg\u00a0\u00bb use_bg_overlay=\u00a0\u00bboff\u00a0\u00bb use_text_overlay=\u00a0\u00bboff\u00a0\u00bb _builder_version=\u00a0\u00bb4.4.5&Prime; header_font=\u00a0\u00bbArimo|on|||\u00a0\u00bb header_font_size=\u00a0\u00bb28&Prime; body_font=\u00a0\u00bb||||\u00a0\u00bb body_font_size=\u00a0\u00bb12&Prime; body_line_height=\u00a0\u00bb14&Prime; background_color=\u00a0\u00bb#ffffff\u00a0\u00bb background_position=\u00a0\u00bbtop_left\u00a0\u00bb background_layout=\u00a0\u00bblight\u00a0\u00bb header_font_size_tablet=\u00a0\u00bb28&Prime; header_font_size_phone=\u00a0\u00bb28&Prime; body_font_size_tablet=\u00a0\u00bb12&Prime; body_font_size_phone=\u00a0\u00bb12&Prime; body_line_height_tablet=\u00a0\u00bb14&Prime; body_line_height_phone=\u00a0\u00bb14&Prime; button_text_size__hover_enabled=\u00a0\u00bboff\u00a0\u00bb button_one_text_size__hover_enabled=\u00a0\u00bboff\u00a0\u00bb button_two_text_size__hover_enabled=\u00a0\u00bboff\u00a0\u00bb button_text_color__hover_enabled=\u00a0\u00bboff\u00a0\u00bb button_one_text_color__hover_enabled=\u00a0\u00bboff\u00a0\u00bb button_two_text_color__hover_enabled=\u00a0\u00bboff\u00a0\u00bb button_border_width__hover_enabled=\u00a0\u00bboff\u00a0\u00bb button_one_border_width__hover_enabled=\u00a0\u00bboff\u00a0\u00bb button_two_border_width__hover_enabled=\u00a0\u00bboff\u00a0\u00bb button_border_color__hover_enabled=\u00a0\u00bboff\u00a0\u00bb button_one_border_color__hover_enabled=\u00a0\u00bboff\u00a0\u00bb button_two_border_color__hover_enabled=\u00a0\u00bboff\u00a0\u00bb button_border_radius__hover_enabled=\u00a0\u00bboff\u00a0\u00bb button_one_border_radius__hover_enabled=\u00a0\u00bboff\u00a0\u00bb button_two_border_radius__hover_enabled=\u00a0\u00bboff\u00a0\u00bb button_letter_spacing__hover_enabled=\u00a0\u00bboff\u00a0\u00bb button_one_letter_spacing__hover_enabled=\u00a0\u00bboff\u00a0\u00bb button_two_letter_spacing__hover_enabled=\u00a0\u00bboff\u00a0\u00bb button_bg_color__hover_enabled=\u00a0\u00bboff\u00a0\u00bb button_one_bg_color__hover_enabled=\u00a0\u00bboff\u00a0\u00bb button_two_bg_color__hover_enabled=\u00a0\u00bboff\u00a0\u00bb]<\/p>\n<p>&nbsp;<\/p>\n<p><span style=\"font-weight: 400;\">Nous valorisons la qualit\u00e9 des espaces urbains \u00e0 travers des indicateurs qualitatifs et dans une perspective f\u00e9ministe, prenant en compte \u00e0 la fois les dimensions physiques, psychologiques et sociales tout en int\u00e9grant des d\u00e9marches et actions participatives.\u00a0<\/span><\/p>\n<p>[\/et_pb_slide][et_pb_slide heading=\u00a0\u00bbPlanification strat\u00e9gique\u00a0\u00bb image=\u00a0\u00bbhttps:\/\/equalsaree.org\/wp-content\/uploads\/2020\/05\/2.-Disseny-i-planificaci\u00f3-estrat\u00e8gica.jpg\u00a0\u00bb use_bg_overlay=\u00a0\u00bboff\u00a0\u00bb use_text_overlay=\u00a0\u00bboff\u00a0\u00bb _builder_version=\u00a0\u00bb4.4.5&Prime; header_font=\u00a0\u00bbArimo|on|||\u00a0\u00bb header_font_size=\u00a0\u00bb28&Prime; body_font=\u00a0\u00bb||||\u00a0\u00bb body_font_size=\u00a0\u00bb12&Prime; body_line_height=\u00a0\u00bb14&Prime; background_color=\u00a0\u00bb#ffffff\u00a0\u00bb background_position=\u00a0\u00bbtop_left\u00a0\u00bb button_on_hover=\u00a0\u00bbon\u00a0\u00bb background_layout=\u00a0\u00bblight\u00a0\u00bb header_font_size_tablet=\u00a0\u00bb28&Prime; header_font_size_phone=\u00a0\u00bb28&Prime; body_font_size_tablet=\u00a0\u00bb12&Prime; body_font_size_phone=\u00a0\u00bb12&Prime; body_line_height_tablet=\u00a0\u00bb14&Prime; body_line_height_phone=\u00a0\u00bb14&Prime; button_text_size__hover_enabled=\u00a0\u00bboff\u00a0\u00bb button_one_text_size__hover_enabled=\u00a0\u00bboff\u00a0\u00bb button_two_text_size__hover_enabled=\u00a0\u00bboff\u00a0\u00bb button_text_color__hover_enabled=\u00a0\u00bboff\u00a0\u00bb button_one_text_color__hover_enabled=\u00a0\u00bboff\u00a0\u00bb button_two_text_color__hover_enabled=\u00a0\u00bboff\u00a0\u00bb button_border_width__hover_enabled=\u00a0\u00bboff\u00a0\u00bb button_one_border_width__hover_enabled=\u00a0\u00bboff\u00a0\u00bb button_two_border_width__hover_enabled=\u00a0\u00bboff\u00a0\u00bb button_border_color__hover_enabled=\u00a0\u00bboff\u00a0\u00bb button_one_border_color__hover_enabled=\u00a0\u00bboff\u00a0\u00bb button_two_border_color__hover_enabled=\u00a0\u00bboff\u00a0\u00bb button_border_radius__hover_enabled=\u00a0\u00bboff\u00a0\u00bb button_one_border_radius__hover_enabled=\u00a0\u00bboff\u00a0\u00bb button_two_border_radius__hover_enabled=\u00a0\u00bboff\u00a0\u00bb button_letter_spacing__hover_enabled=\u00a0\u00bboff\u00a0\u00bb button_one_letter_spacing__hover_enabled=\u00a0\u00bboff\u00a0\u00bb button_two_letter_spacing__hover_enabled=\u00a0\u00bboff\u00a0\u00bb button_bg_color__hover_enabled=\u00a0\u00bboff\u00a0\u00bb button_one_bg_color__hover_enabled=\u00a0\u00bboff\u00a0\u00bb button_two_bg_color__hover_enabled=\u00a0\u00bboff\u00a0\u00bb]<\/p>\n<p>&nbsp;<\/p>\n<p><span style=\"font-weight: 400;\">R\u00e9vision, reformulation et \u00e9laboration de plans strat\u00e9giques pour int\u00e9grer le principe de justice de genre de mani\u00e8re transversale et \u00e0 toutes les \u00e9chelles du territoire. <\/span><\/p>\n<p>[\/et_pb_slide][et_pb_slide heading=\u00a0\u00bbRecherche participative\u00a0\u00bb image=\u00a0\u00bbhttps:\/\/equalsaree.org\/wp-content\/uploads\/2020\/05\/3.-Investigaci\u00f3-participativa-1.jpg\u00a0\u00bb use_bg_overlay=\u00a0\u00bboff\u00a0\u00bb use_text_overlay=\u00a0\u00bboff\u00a0\u00bb _builder_version=\u00a0\u00bb4.4.5&Prime; header_font=\u00a0\u00bbArimo|on|||\u00a0\u00bb header_font_size=\u00a0\u00bb28&Prime; body_font=\u00a0\u00bb||||\u00a0\u00bb body_font_size=\u00a0\u00bb12&Prime; body_line_height=\u00a0\u00bb14&Prime; background_color=\u00a0\u00bb#ffffff\u00a0\u00bb background_position=\u00a0\u00bbtop_left\u00a0\u00bb background_layout=\u00a0\u00bblight\u00a0\u00bb header_font_size_tablet=\u00a0\u00bb28&Prime; header_font_size_phone=\u00a0\u00bb28&Prime; body_font_size_tablet=\u00a0\u00bb12&Prime; body_font_size_phone=\u00a0\u00bb12&Prime; body_line_height_tablet=\u00a0\u00bb14&Prime; body_line_height_phone=\u00a0\u00bb14&Prime; button_text_size__hover_enabled=\u00a0\u00bboff\u00a0\u00bb button_one_text_size__hover_enabled=\u00a0\u00bboff\u00a0\u00bb button_two_text_size__hover_enabled=\u00a0\u00bboff\u00a0\u00bb button_text_color__hover_enabled=\u00a0\u00bboff\u00a0\u00bb button_one_text_color__hover_enabled=\u00a0\u00bboff\u00a0\u00bb button_two_text_color__hover_enabled=\u00a0\u00bboff\u00a0\u00bb button_border_width__hover_enabled=\u00a0\u00bboff\u00a0\u00bb button_one_border_width__hover_enabled=\u00a0\u00bboff\u00a0\u00bb button_two_border_width__hover_enabled=\u00a0\u00bboff\u00a0\u00bb button_border_color__hover_enabled=\u00a0\u00bboff\u00a0\u00bb button_one_border_color__hover_enabled=\u00a0\u00bboff\u00a0\u00bb button_two_border_color__hover_enabled=\u00a0\u00bboff\u00a0\u00bb button_border_radius__hover_enabled=\u00a0\u00bboff\u00a0\u00bb button_one_border_radius__hover_enabled=\u00a0\u00bboff\u00a0\u00bb button_two_border_radius__hover_enabled=\u00a0\u00bboff\u00a0\u00bb button_letter_spacing__hover_enabled=\u00a0\u00bboff\u00a0\u00bb button_one_letter_spacing__hover_enabled=\u00a0\u00bboff\u00a0\u00bb button_two_letter_spacing__hover_enabled=\u00a0\u00bboff\u00a0\u00bb button_bg_color__hover_enabled=\u00a0\u00bboff\u00a0\u00bb button_one_bg_color__hover_enabled=\u00a0\u00bboff\u00a0\u00bb button_two_bg_color__hover_enabled=\u00a0\u00bboff\u00a0\u00bb]<\/p>\n<p>&nbsp;<\/p>\n<p><span style=\"font-weight: 400;\">Nous r\u00e9alisons des \u00e9tudes et des recherches dans les domaines de l&rsquo;architecture et de l&rsquo;urbanisme (logement, qualit\u00e9 et s\u00e9curit\u00e9 urbaines, mobilit\u00e9, villes et enfance) \u00e0 travers des m\u00e9thodologies f\u00e9ministes et participatives ayant pour objectif la transformation sociale.<\/span><\/p>\n<p>[\/et_pb_slide][\/et_pb_slider][\/et_pb_column][\/et_pb_row][\/et_pb_section]<\/p>\n","protected":false},"excerpt":{"rendered":"<p>&nbsp; Services &nbsp; CONSEIL- \u00c9tudes urbains avec l&rsquo;approche genre et interseccionnelleQue faisons-nous? Une analyse des espaces dans une perspective de genre et d&rsquo;intersection permet de comprendre les exp\u00e9riences de toutes les personnes, avec toute la diversit\u00e9 et la complexit\u00e9 que cela implique. Afin de planifier des actions plus \u00e9quitables et efficaces, nous \u00e9tudions les r\u00e9alit\u00e9s [&hellip;]<\/p>\n","protected":false},"author":5,"featured_media":0,"parent":0,"menu_order":0,"comment_status":"closed","ping_status":"closed","template":"","meta":{"_seopress_robots_primary_cat":"","_seopress_titles_title":"","_seopress_titles_desc":"","_seopress_robots_index":"","_et_pb_use_builder":"on","_et_pb_old_content":"","_et_gb_content_width":"","footnotes":""},"class_list":["post-5165","page","type-page","status-publish","hentry"],"_links":{"self":[{"href":"https:\/\/equalsaree.org\/fr\/wp-json\/wp\/v2\/pages\/5165","targetHints":{"allow":["GET"]}}],"collection":[{"href":"https:\/\/equalsaree.org\/fr\/wp-json\/wp\/v2\/pages"}],"about":[{"href":"https:\/\/equalsaree.org\/fr\/wp-json\/wp\/v2\/types\/page"}],"author":[{"embeddable":true,"href":"https:\/\/equalsaree.org\/fr\/wp-json\/wp\/v2\/users\/5"}],"replies":[{"embeddable":true,"href":"https:\/\/equalsaree.org\/fr\/wp-json\/wp\/v2\/comments?post=5165"}],"version-history":[{"count":0,"href":"https:\/\/equalsaree.org\/fr\/wp-json\/wp\/v2\/pages\/5165\/revisions"}],"wp:attachment":[{"href":"https:\/\/equalsaree.org\/fr\/wp-json\/wp\/v2\/media?parent=5165"}],"curies":[{"name":"wp","href":"https:\/\/api.w.org\/{rel}","templated":true}]}}