{"id":5102,"date":"2020-05-14T09:45:22","date_gmt":"2020-05-14T09:45:22","guid":{"rendered":"https:\/\/equalsaree.org\/?page_id=5102"},"modified":"2021-01-26T12:55:37","modified_gmt":"2021-01-26T12:55:37","slug":"espaceseducatifs","status":"publish","type":"page","link":"https:\/\/equalsaree.org\/fr\/espaceseducatifs\/","title":{"rendered":"Espaces \u00e9ducatifs"},"content":{"rendered":"<p>[et_pb_section fb_built=\u00a0\u00bb1&Prime; admin_label=\u00a0\u00bbsection\u00a0\u00bb _builder_version=\u00a0\u00bb3.22&Prime;][et_pb_row admin_label=\u00a0\u00bbrow\u00a0\u00bb _builder_version=\u00a0\u00bb3.25&Prime; background_size=\u00a0\u00bbinitial\u00a0\u00bb background_position=\u00a0\u00bbtop_left\u00a0\u00bb background_repeat=\u00a0\u00bbrepeat\u00a0\u00bb][et_pb_column type=\u00a0\u00bb4_4&Prime; _builder_version=\u00a0\u00bb3.25&Prime; custom_padding=\u00a0\u00bb|||\u00a0\u00bb custom_padding__hover=\u00a0\u00bb|||\u00a0\u00bb][et_pb_text admin_label=\u00a0\u00bbTexto\u00a0\u00bb _builder_version=\u00a0\u00bb3.27.4&Prime; text_font_size=\u00a0\u00bb18&Prime; use_border_color=\u00a0\u00bboff\u00a0\u00bb border_color=\u00a0\u00bb#ffffff\u00a0\u00bb border_style=\u00a0\u00bbsolid\u00a0\u00bb]&nbsp;<\/p>\n<h1><span style=\"color: #54beb7;\"><strong>Services<\/strong><\/span><\/h1>\n<p>&nbsp;<br \/>\n[\/et_pb_text][et_pb_divider show_divider=\u00a0\u00bboff\u00a0\u00bb disabled_on=\u00a0\u00bbon|on|off\u00a0\u00bb admin_label=\u00a0\u00bbSeparador\u00a0\u00bb _builder_version=\u00a0\u00bb3.23.4&Prime; height=\u00a0\u00bb20px\u00a0\u00bb hide_on_mobile=\u00a0\u00bbon\u00a0\u00bb][\/et_pb_divider][\/et_pb_column][\/et_pb_row][et_pb_row column_structure=\u00a0\u00bb1_2,1_2&Prime; admin_label=\u00a0\u00bbrow\u00a0\u00bb _builder_version=\u00a0\u00bb3.25&Prime; background_size=\u00a0\u00bbinitial\u00a0\u00bb background_position=\u00a0\u00bbtop_left\u00a0\u00bb background_repeat=\u00a0\u00bbrepeat\u00a0\u00bb][et_pb_column type=\u00a0\u00bb1_2&Prime; _builder_version=\u00a0\u00bb3.25&Prime; custom_padding=\u00a0\u00bb|||\u00a0\u00bb custom_padding__hover=\u00a0\u00bb|||\u00a0\u00bb][et_pb_text admin_label=\u00a0\u00bbTexto\u00a0\u00bb _builder_version=\u00a0\u00bb4.4.5&Prime; text_font_size=\u00a0\u00bb18&Prime; use_border_color=\u00a0\u00bboff\u00a0\u00bb]<\/p>\n<p><b>ESPACES \u00c9DUCATIFS- Cours d\u2019\u00e9coles non genr\u00e9es, durables et saines\u00a0<\/b><\/p>\n<p>[\/et_pb_text][et_pb_divider show_divider=\u00a0\u00bboff\u00a0\u00bb disabled_on=\u00a0\u00bbon|on|off\u00a0\u00bb admin_label=\u00a0\u00bbSeparador\u00a0\u00bb _builder_version=\u00a0\u00bb3.2&Prime; hide_on_mobile=\u00a0\u00bbon\u00a0\u00bb][\/et_pb_divider][\/et_pb_column][et_pb_column type=\u00a0\u00bb1_2&Prime; _builder_version=\u00a0\u00bb3.25&Prime; custom_padding=\u00a0\u00bb|||\u00a0\u00bb custom_padding__hover=\u00a0\u00bb|||\u00a0\u00bb][et_pb_text admin_label=\u00a0\u00bbTexto\u00a0\u00bb _builder_version=\u00a0\u00bb3.27.4&Prime; text_font_size=\u00a0\u00bb18&Prime; use_border_color=\u00a0\u00bboff\u00a0\u00bb]<b>Que faisons-nous?<\/b><br \/>\n[\/et_pb_text][et_pb_divider show_divider=\u00a0\u00bboff\u00a0\u00bb disabled_on=\u00a0\u00bbon|on|off\u00a0\u00bb admin_label=\u00a0\u00bbSeparador\u00a0\u00bb _builder_version=\u00a0\u00bb3.2&Prime; hide_on_mobile=\u00a0\u00bbon\u00a0\u00bb][\/et_pb_divider][\/et_pb_column][\/et_pb_row][et_pb_row column_structure=\u00a0\u00bb1_2,1_2&Prime; admin_label=\u00a0\u00bbFila\u00a0\u00bb _builder_version=\u00a0\u00bb3.25&Prime; background_size=\u00a0\u00bbinitial\u00a0\u00bb background_position=\u00a0\u00bbtop_left\u00a0\u00bb background_repeat=\u00a0\u00bbrepeat\u00a0\u00bb][et_pb_column type=\u00a0\u00bb1_2&Prime; _builder_version=\u00a0\u00bb3.25&Prime; custom_padding=\u00a0\u00bb|||\u00a0\u00bb custom_padding__hover=\u00a0\u00bb|||\u00a0\u00bb][et_pb_text admin_label=\u00a0\u00bbTexto\u00a0\u00bb _builder_version=\u00a0\u00bb4.4.5&Prime; text_font_size=\u00a0\u00bb12&Prime; text_line_height=\u00a0\u00bb1.4em\u00a0\u00bb use_border_color=\u00a0\u00bboff\u00a0\u00bb]<\/p>\n<p><span style=\"font-weight: 400;\">L&rsquo;espace est le troisi\u00e8me \u00e9ducateur, il transmet des messages que nous int\u00e9grons inconsciemment depuis l&rsquo;enfance et peut favoriser des relations in\u00e9gales et hi\u00e9rarchiques ou, au contraire, contribuer \u00e0 construire une soci\u00e9t\u00e9 plus juste. Par cons\u00e9quent, il est important de s&rsquo;assurer que les espaces d&rsquo;apprentissage sont con\u00e7us selon des crit\u00e8res \u00e9cof\u00e9ministes.<\/span><\/p>\n<p>[\/et_pb_text][\/et_pb_column][et_pb_column type=\u00a0\u00bb1_2&Prime; _builder_version=\u00a0\u00bb3.25&Prime; custom_padding=\u00a0\u00bb|||\u00a0\u00bb custom_padding__hover=\u00a0\u00bb|||\u00a0\u00bb][et_pb_text admin_label=\u00a0\u00bbTexto\u00a0\u00bb _builder_version=\u00a0\u00bb4.4.5&Prime; text_font_size=\u00a0\u00bb12&Prime; text_line_height=\u00a0\u00bb1.4em\u00a0\u00bb background_size=\u00a0\u00bbinitial\u00a0\u00bb background_position=\u00a0\u00bbtop_left\u00a0\u00bb background_repeat=\u00a0\u00bbrepeat\u00a0\u00bb use_border_color=\u00a0\u00bboff\u00a0\u00bb]<\/p>\n<ul>\n<li>Assistance architecture pour l\u2019am\u00e9lioration des espaces d\u2019apprentissage<\/li>\n<li>Co-conception avec les communaut\u00e9s \u00e9ducatives<\/li>\n<li>Projets de r\u00e9habilitation et de nouvelle construction\u00a0<\/li>\n<li>Diverpatio: Activit\u00e9 \u00e9ducative autours de la cours d\u2019\u00e9cole<\/li>\n<\/ul>\n<p>[\/et_pb_text][\/et_pb_column][\/et_pb_row][et_pb_row admin_label=\u00a0\u00bbFila\u00a0\u00bb _builder_version=\u00a0\u00bb3.25&Prime; background_size=\u00a0\u00bbinitial\u00a0\u00bb background_position=\u00a0\u00bbtop_left\u00a0\u00bb background_repeat=\u00a0\u00bbrepeat\u00a0\u00bb][et_pb_column type=\u00a0\u00bb4_4&Prime; _builder_version=\u00a0\u00bb3.25&Prime; custom_padding=\u00a0\u00bb|||\u00a0\u00bb custom_padding__hover=\u00a0\u00bb|||\u00a0\u00bb][et_pb_divider show_divider=\u00a0\u00bboff\u00a0\u00bb disabled_on=\u00a0\u00bbon|on|off\u00a0\u00bb admin_label=\u00a0\u00bbSeparador\u00a0\u00bb _builder_version=\u00a0\u00bb3.23.4&Prime; height=\u00a0\u00bb20px\u00a0\u00bb hide_on_mobile=\u00a0\u00bbon\u00a0\u00bb][\/et_pb_divider][\/et_pb_column][\/et_pb_row][et_pb_row column_structure=\u00a0\u00bb1_2,1_2&Prime; admin_label=\u00a0\u00bbFila\u00a0\u00bb _builder_version=\u00a0\u00bb3.25&Prime; background_size=\u00a0\u00bbinitial\u00a0\u00bb background_position=\u00a0\u00bbtop_left\u00a0\u00bb background_repeat=\u00a0\u00bbrepeat\u00a0\u00bb][et_pb_column type=\u00a0\u00bb1_2&Prime; _builder_version=\u00a0\u00bb3.25&Prime; custom_padding=\u00a0\u00bb|||\u00a0\u00bb custom_padding__hover=\u00a0\u00bb|||\u00a0\u00bb][et_pb_text admin_label=\u00a0\u00bbTexto\u00a0\u00bb _builder_version=\u00a0\u00bb4.4.5&Prime; text_font_size=\u00a0\u00bb12&Prime; hover_enabled=\u00a0\u00bb0&Prime; use_border_color=\u00a0\u00bboff\u00a0\u00bb]<\/p>\n<p><strong><span style=\"color: #73bbb4;\"><a style=\"color: #d6202d;\" href=\"https:\/\/equalsaree.org\/fr\/espaces-urbains\/\">Espaces urbains<\/a><\/span>\u00a0<span style=\"color: #d6202d;\">|\u00a0<a style=\"color: #d6202d;\" href=\"https:\/\/equalsaree.org\/fr\/participation\/\">Participation |<\/a> <\/span><\/strong><span style=\"color: #d6202d;\"><strong><a style=\"color: #d6202d;\" href=\"https:\/\/equalsaree.org\/fr\/espaceseducatifs\/\">Espaces \u00e9ducatifs |<\/a> <a style=\"color: #d6202d;\" href=\"https:\/\/equalsaree.org\/fr\/formation\/\">Formation<\/a>\u00a0|<span style=\"color: #73bbb4;\">\u00a0<a style=\"color: #d6202d;\" href=\"https:\/\/equalsaree.org\/fr\/conseil\/\">Conseil<\/a><\/span><\/strong><\/span><\/p>\n<p>[\/et_pb_text][\/et_pb_column][et_pb_column type=\u00a0\u00bb1_2&Prime; _builder_version=\u00a0\u00bb3.25&Prime; custom_padding=\u00a0\u00bb|||\u00a0\u00bb custom_padding__hover=\u00a0\u00bb|||\u00a0\u00bb][\/et_pb_column][\/et_pb_row][et_pb_row admin_label=\u00a0\u00bbFila\u00a0\u00bb _builder_version=\u00a0\u00bb3.25&Prime; background_size=\u00a0\u00bbinitial\u00a0\u00bb background_position=\u00a0\u00bbtop_left\u00a0\u00bb background_repeat=\u00a0\u00bbrepeat\u00a0\u00bb][et_pb_column type=\u00a0\u00bb4_4&Prime; _builder_version=\u00a0\u00bb3.25&Prime; custom_padding=\u00a0\u00bb|||\u00a0\u00bb custom_padding__hover=\u00a0\u00bb|||\u00a0\u00bb][et_pb_divider color=\u00a0\u00bb#000000&Prime; divider_position=\u00a0\u00bbcenter\u00a0\u00bb disabled_on=\u00a0\u00bbon|on|off\u00a0\u00bb admin_label=\u00a0\u00bbSeparador\u00a0\u00bb _builder_version=\u00a0\u00bb3.23.4&Prime; height=\u00a0\u00bb80px\u00a0\u00bb hide_on_mobile=\u00a0\u00bbon\u00a0\u00bb][\/et_pb_divider][\/et_pb_column][\/et_pb_row][et_pb_row admin_label=\u00a0\u00bbFila\u00a0\u00bb _builder_version=\u00a0\u00bb3.25&Prime; background_size=\u00a0\u00bbinitial\u00a0\u00bb background_position=\u00a0\u00bbtop_left\u00a0\u00bb background_repeat=\u00a0\u00bbrepeat\u00a0\u00bb][et_pb_column type=\u00a0\u00bb4_4&Prime; _builder_version=\u00a0\u00bb3.25&Prime; custom_padding=\u00a0\u00bb|||\u00a0\u00bb custom_padding__hover=\u00a0\u00bb|||\u00a0\u00bb][et_pb_slider admin_label=\u00a0\u00bbDeslizador\u00a0\u00bb _builder_version=\u00a0\u00bb4.4.5&Prime; header_text_color=\u00a0\u00bb#000000&Prime; body_text_color=\u00a0\u00bb#000000&Prime; background_size=\u00a0\u00bbcontain\u00a0\u00bb background_position=\u00a0\u00bbcenter_right\u00a0\u00bb custom_button=\u00a0\u00bbon\u00a0\u00bb button_border_width=\u00a0\u00bb0&Prime; custom_padding=\u00a0\u00bb50px|0px|50px|0px\u00a0\u00bb custom_padding_tablet=\u00a0\u00bb|||\u00a0\u00bb auto=\u00a0\u00bbon\u00a0\u00bb button_text_size__hover_enabled=\u00a0\u00bboff\u00a0\u00bb button_one_text_size__hover_enabled=\u00a0\u00bboff\u00a0\u00bb button_two_text_size__hover_enabled=\u00a0\u00bboff\u00a0\u00bb button_text_color__hover_enabled=\u00a0\u00bboff\u00a0\u00bb button_one_text_color__hover_enabled=\u00a0\u00bboff\u00a0\u00bb button_two_text_color__hover_enabled=\u00a0\u00bboff\u00a0\u00bb button_border_width__hover_enabled=\u00a0\u00bboff\u00a0\u00bb button_one_border_width__hover_enabled=\u00a0\u00bboff\u00a0\u00bb button_two_border_width__hover_enabled=\u00a0\u00bboff\u00a0\u00bb button_border_color__hover_enabled=\u00a0\u00bboff\u00a0\u00bb button_one_border_color__hover_enabled=\u00a0\u00bboff\u00a0\u00bb button_two_border_color__hover_enabled=\u00a0\u00bboff\u00a0\u00bb button_border_radius__hover_enabled=\u00a0\u00bboff\u00a0\u00bb button_one_border_radius__hover_enabled=\u00a0\u00bboff\u00a0\u00bb button_two_border_radius__hover_enabled=\u00a0\u00bboff\u00a0\u00bb button_letter_spacing__hover_enabled=\u00a0\u00bboff\u00a0\u00bb button_one_letter_spacing__hover_enabled=\u00a0\u00bboff\u00a0\u00bb button_two_letter_spacing__hover_enabled=\u00a0\u00bboff\u00a0\u00bb button_bg_color__hover_enabled=\u00a0\u00bboff\u00a0\u00bb button_one_bg_color__hover_enabled=\u00a0\u00bboff\u00a0\u00bb button_two_bg_color__hover_enabled=\u00a0\u00bboff\u00a0\u00bb][et_pb_slide heading=\u00a0\u00bbAssistance architecture pour l\u2019am\u00e9lioration des espaces d\u2019apprentissage\u00a0\u00bb image=\u00a0\u00bbhttps:\/\/equalsaree.org\/wp-content\/uploads\/2020\/05\/1.-Assessorament-arquitect\u00f2nic-per-a-la-millora-funcional-d\u2019espais-d\u2019aprenentatge.jpg\u00a0\u00bb use_bg_overlay=\u00a0\u00bboff\u00a0\u00bb use_text_overlay=\u00a0\u00bboff\u00a0\u00bb _builder_version=\u00a0\u00bb4.4.5&Prime; header_font=\u00a0\u00bbArimo|on|||\u00a0\u00bb header_font_size=\u00a0\u00bb28&Prime; body_font=\u00a0\u00bb||||\u00a0\u00bb body_font_size=\u00a0\u00bb12&Prime; body_line_height=\u00a0\u00bb14&Prime; background_color=\u00a0\u00bb#ffffff\u00a0\u00bb background_position=\u00a0\u00bbtop_left\u00a0\u00bb background_layout=\u00a0\u00bblight\u00a0\u00bb header_font_size_tablet=\u00a0\u00bb28&Prime; header_font_size_phone=\u00a0\u00bb28&Prime; body_font_size_tablet=\u00a0\u00bb12&Prime; body_font_size_phone=\u00a0\u00bb12&Prime; body_line_height_tablet=\u00a0\u00bb14&Prime; body_line_height_phone=\u00a0\u00bb14&Prime; button_text_size__hover_enabled=\u00a0\u00bboff\u00a0\u00bb button_one_text_size__hover_enabled=\u00a0\u00bboff\u00a0\u00bb button_two_text_size__hover_enabled=\u00a0\u00bboff\u00a0\u00bb button_text_color__hover_enabled=\u00a0\u00bboff\u00a0\u00bb button_one_text_color__hover_enabled=\u00a0\u00bboff\u00a0\u00bb button_two_text_color__hover_enabled=\u00a0\u00bboff\u00a0\u00bb button_border_width__hover_enabled=\u00a0\u00bboff\u00a0\u00bb button_one_border_width__hover_enabled=\u00a0\u00bboff\u00a0\u00bb button_two_border_width__hover_enabled=\u00a0\u00bboff\u00a0\u00bb button_border_color__hover_enabled=\u00a0\u00bboff\u00a0\u00bb button_one_border_color__hover_enabled=\u00a0\u00bboff\u00a0\u00bb button_two_border_color__hover_enabled=\u00a0\u00bboff\u00a0\u00bb button_border_radius__hover_enabled=\u00a0\u00bboff\u00a0\u00bb button_one_border_radius__hover_enabled=\u00a0\u00bboff\u00a0\u00bb button_two_border_radius__hover_enabled=\u00a0\u00bboff\u00a0\u00bb button_letter_spacing__hover_enabled=\u00a0\u00bboff\u00a0\u00bb button_one_letter_spacing__hover_enabled=\u00a0\u00bboff\u00a0\u00bb button_two_letter_spacing__hover_enabled=\u00a0\u00bboff\u00a0\u00bb button_bg_color__hover_enabled=\u00a0\u00bboff\u00a0\u00bb button_one_bg_color__hover_enabled=\u00a0\u00bboff\u00a0\u00bb button_two_bg_color__hover_enabled=\u00a0\u00bboff\u00a0\u00bb]<\/p>\n<p>&nbsp;<\/p>\n<p><span style=\"font-weight: 400;\">Nous vous aidons \u00e0 repenser et \u00e0 am\u00e9liorer vos espaces afin qu&rsquo;ils accompagnent et renforcent les valeurs de votre projet p\u00e9dagogique. Nous fournissons des solutions techniques qui rendent les id\u00e9es de transformation viables.<\/span><\/p>\n<p>[\/et_pb_slide][et_pb_slide heading=\u00a0\u00bbCo-conception avec les communaut\u00e9s \u00e9ducatives\u00a0\u00bb image=\u00a0\u00bbhttps:\/\/equalsaree.org\/wp-content\/uploads\/2020\/05\/2.-Processos-de-co-disseny-amb-les-comunitats-educatives.jpg\u00a0\u00bb use_bg_overlay=\u00a0\u00bboff\u00a0\u00bb use_text_overlay=\u00a0\u00bboff\u00a0\u00bb _builder_version=\u00a0\u00bb4.4.5&Prime; header_font=\u00a0\u00bbArimo|on|||\u00a0\u00bb header_font_size=\u00a0\u00bb28&Prime; body_font=\u00a0\u00bb||||\u00a0\u00bb body_font_size=\u00a0\u00bb12&Prime; body_line_height=\u00a0\u00bb14&Prime; background_color=\u00a0\u00bb#ffffff\u00a0\u00bb background_position=\u00a0\u00bbtop_left\u00a0\u00bb button_on_hover=\u00a0\u00bbon\u00a0\u00bb background_layout=\u00a0\u00bblight\u00a0\u00bb header_font_size_tablet=\u00a0\u00bb28&Prime; header_font_size_phone=\u00a0\u00bb28&Prime; body_font_size_tablet=\u00a0\u00bb12&Prime; body_font_size_phone=\u00a0\u00bb12&Prime; body_line_height_tablet=\u00a0\u00bb14&Prime; body_line_height_phone=\u00a0\u00bb14&Prime; button_text_size__hover_enabled=\u00a0\u00bboff\u00a0\u00bb button_one_text_size__hover_enabled=\u00a0\u00bboff\u00a0\u00bb button_two_text_size__hover_enabled=\u00a0\u00bboff\u00a0\u00bb button_text_color__hover_enabled=\u00a0\u00bboff\u00a0\u00bb button_one_text_color__hover_enabled=\u00a0\u00bboff\u00a0\u00bb button_two_text_color__hover_enabled=\u00a0\u00bboff\u00a0\u00bb button_border_width__hover_enabled=\u00a0\u00bboff\u00a0\u00bb button_one_border_width__hover_enabled=\u00a0\u00bboff\u00a0\u00bb button_two_border_width__hover_enabled=\u00a0\u00bboff\u00a0\u00bb button_border_color__hover_enabled=\u00a0\u00bboff\u00a0\u00bb button_one_border_color__hover_enabled=\u00a0\u00bboff\u00a0\u00bb button_two_border_color__hover_enabled=\u00a0\u00bboff\u00a0\u00bb button_border_radius__hover_enabled=\u00a0\u00bboff\u00a0\u00bb button_one_border_radius__hover_enabled=\u00a0\u00bboff\u00a0\u00bb button_two_border_radius__hover_enabled=\u00a0\u00bboff\u00a0\u00bb button_letter_spacing__hover_enabled=\u00a0\u00bboff\u00a0\u00bb button_one_letter_spacing__hover_enabled=\u00a0\u00bboff\u00a0\u00bb button_two_letter_spacing__hover_enabled=\u00a0\u00bboff\u00a0\u00bb button_bg_color__hover_enabled=\u00a0\u00bboff\u00a0\u00bb button_one_bg_color__hover_enabled=\u00a0\u00bboff\u00a0\u00bb button_two_bg_color__hover_enabled=\u00a0\u00bboff\u00a0\u00bb]<\/p>\n<p>&nbsp;<\/p>\n<p><span style=\"font-weight: 400;\">Nous accompagnons les communaut\u00e9s \u00e9ducatives dans l&rsquo;analyse, la g\u00e9n\u00e9ration d&rsquo;id\u00e9es et la transformation de leurs espaces d&rsquo;apprentissage \u00e0 travers un processus collectif de r\u00e9flexion et de d\u00e9bat. Au-del\u00e0 de la transformation physique des espaces, c&rsquo;est un processus p\u00e9dagogique qui int\u00e8gre des valeurs de coop\u00e9ration, d&rsquo;\u00e9quit\u00e9 et de travail d&rsquo;\u00e9quipe.<\/span><\/p>\n<p>[\/et_pb_slide][et_pb_slide heading=\u00a0\u00bbProjets de r\u00e9habilitation et de nouvelle construction \u00a0\u00bb image=\u00a0\u00bbhttps:\/\/equalsaree.org\/wp-content\/uploads\/2020\/05\/3.-Projectes-de-reforma-i-obra-nova.jpg\u00a0\u00bb use_bg_overlay=\u00a0\u00bboff\u00a0\u00bb use_text_overlay=\u00a0\u00bboff\u00a0\u00bb _builder_version=\u00a0\u00bb4.4.5&Prime; header_font=\u00a0\u00bbArimo|on|||\u00a0\u00bb header_font_size=\u00a0\u00bb28&Prime; body_font=\u00a0\u00bb||||\u00a0\u00bb body_font_size=\u00a0\u00bb12&Prime; body_line_height=\u00a0\u00bb14&Prime; background_color=\u00a0\u00bb#ffffff\u00a0\u00bb background_position=\u00a0\u00bbtop_left\u00a0\u00bb background_layout=\u00a0\u00bblight\u00a0\u00bb header_font_size_tablet=\u00a0\u00bb28&Prime; header_font_size_phone=\u00a0\u00bb28&Prime; body_font_size_tablet=\u00a0\u00bb12&Prime; body_font_size_phone=\u00a0\u00bb12&Prime; body_line_height_tablet=\u00a0\u00bb14&Prime; body_line_height_phone=\u00a0\u00bb14&Prime; button_text_size__hover_enabled=\u00a0\u00bboff\u00a0\u00bb button_one_text_size__hover_enabled=\u00a0\u00bboff\u00a0\u00bb button_two_text_size__hover_enabled=\u00a0\u00bboff\u00a0\u00bb button_text_color__hover_enabled=\u00a0\u00bboff\u00a0\u00bb button_one_text_color__hover_enabled=\u00a0\u00bboff\u00a0\u00bb button_two_text_color__hover_enabled=\u00a0\u00bboff\u00a0\u00bb button_border_width__hover_enabled=\u00a0\u00bboff\u00a0\u00bb button_one_border_width__hover_enabled=\u00a0\u00bboff\u00a0\u00bb button_two_border_width__hover_enabled=\u00a0\u00bboff\u00a0\u00bb button_border_color__hover_enabled=\u00a0\u00bboff\u00a0\u00bb button_one_border_color__hover_enabled=\u00a0\u00bboff\u00a0\u00bb button_two_border_color__hover_enabled=\u00a0\u00bboff\u00a0\u00bb button_border_radius__hover_enabled=\u00a0\u00bboff\u00a0\u00bb button_one_border_radius__hover_enabled=\u00a0\u00bboff\u00a0\u00bb button_two_border_radius__hover_enabled=\u00a0\u00bboff\u00a0\u00bb button_letter_spacing__hover_enabled=\u00a0\u00bboff\u00a0\u00bb button_one_letter_spacing__hover_enabled=\u00a0\u00bboff\u00a0\u00bb button_two_letter_spacing__hover_enabled=\u00a0\u00bboff\u00a0\u00bb button_bg_color__hover_enabled=\u00a0\u00bboff\u00a0\u00bb button_one_bg_color__hover_enabled=\u00a0\u00bboff\u00a0\u00bb button_two_bg_color__hover_enabled=\u00a0\u00bboff\u00a0\u00bb]<\/p>\n<p>&nbsp;<\/p>\n<p><span style=\"font-weight: 400;\">Nos interventions visent \u00e0 g\u00e9n\u00e9rer des espaces non hi\u00e9rarchiques, inclusifs, stimulants et promoteurs de relations entre \u00e9gaux. Nous cr\u00e9ons des espaces ludiques et d&rsquo;apprentissage qui encouragent la cr\u00e9ativit\u00e9, l&rsquo;imagination et l&rsquo;innovation. Nous promouvons une construction bas\u00e9e sur la durabilit\u00e9 sociale, environnementale et \u00e9conomique, utilisant des mat\u00e9riaux locaux, optimisant les ressources de l&rsquo;environnement et profitant les conditions pr\u00e9existantes.<\/span><\/p>\n<p>[\/et_pb_slide][et_pb_slide heading=\u00a0\u00bbDiverpatio: Activit\u00e9 \u00e9ducative autours de la cours d\u2019\u00e9cole\u00a0\u00bb image=\u00a0\u00bbhttps:\/\/equalsaree.org\/wp-content\/uploads\/2020\/05\/4.-Diverpati.jpg\u00a0\u00bb use_bg_overlay=\u00a0\u00bboff\u00a0\u00bb use_text_overlay=\u00a0\u00bboff\u00a0\u00bb _builder_version=\u00a0\u00bb4.4.5&Prime; header_font=\u00a0\u00bbArimo|on|||\u00a0\u00bb header_font_size=\u00a0\u00bb28&Prime; body_font=\u00a0\u00bb||||\u00a0\u00bb body_font_size=\u00a0\u00bb12&Prime; body_line_height=\u00a0\u00bb14&Prime; background_color=\u00a0\u00bb#ffffff\u00a0\u00bb background_position=\u00a0\u00bbtop_left\u00a0\u00bb background_layout=\u00a0\u00bblight\u00a0\u00bb header_font_size_tablet=\u00a0\u00bb28&Prime; header_font_size_phone=\u00a0\u00bb28&Prime; body_font_size_tablet=\u00a0\u00bb12&Prime; body_font_size_phone=\u00a0\u00bb12&Prime; body_line_height_tablet=\u00a0\u00bb14&Prime; body_line_height_phone=\u00a0\u00bb14&Prime; button_text_size__hover_enabled=\u00a0\u00bboff\u00a0\u00bb button_one_text_size__hover_enabled=\u00a0\u00bboff\u00a0\u00bb button_two_text_size__hover_enabled=\u00a0\u00bboff\u00a0\u00bb button_text_color__hover_enabled=\u00a0\u00bboff\u00a0\u00bb button_one_text_color__hover_enabled=\u00a0\u00bboff\u00a0\u00bb button_two_text_color__hover_enabled=\u00a0\u00bboff\u00a0\u00bb button_border_width__hover_enabled=\u00a0\u00bboff\u00a0\u00bb button_one_border_width__hover_enabled=\u00a0\u00bboff\u00a0\u00bb button_two_border_width__hover_enabled=\u00a0\u00bboff\u00a0\u00bb button_border_color__hover_enabled=\u00a0\u00bboff\u00a0\u00bb button_one_border_color__hover_enabled=\u00a0\u00bboff\u00a0\u00bb button_two_border_color__hover_enabled=\u00a0\u00bboff\u00a0\u00bb button_border_radius__hover_enabled=\u00a0\u00bboff\u00a0\u00bb button_one_border_radius__hover_enabled=\u00a0\u00bboff\u00a0\u00bb button_two_border_radius__hover_enabled=\u00a0\u00bboff\u00a0\u00bb button_letter_spacing__hover_enabled=\u00a0\u00bboff\u00a0\u00bb button_one_letter_spacing__hover_enabled=\u00a0\u00bboff\u00a0\u00bb button_two_letter_spacing__hover_enabled=\u00a0\u00bboff\u00a0\u00bb button_bg_color__hover_enabled=\u00a0\u00bboff\u00a0\u00bb button_one_bg_color__hover_enabled=\u00a0\u00bboff\u00a0\u00bb button_two_bg_color__hover_enabled=\u00a0\u00bboff\u00a0\u00bb]<\/p>\n<p>&nbsp;<\/p>\n<p><span style=\"font-weight: 400;\">Avec ce jeu, nous voulons fournir aux \u00e9coles un outil permettant aux gar\u00e7ons et aux filles d&rsquo;observer leur cour d&rsquo;\u00e9cole sous l&rsquo;angle de la diversit\u00e9 et des sens. \u00c0 travers un personnage fictif, qui repr\u00e9sente la diversit\u00e9 des \u00e9l\u00e8ves, chaque \u00e9quipe utilise l&#8217;empathie pour analyser sa cour.<\/span><\/p>\n<p>[\/et_pb_slide][\/et_pb_slider][\/et_pb_column][\/et_pb_row][\/et_pb_section]<\/p>\n","protected":false},"excerpt":{"rendered":"<p>&nbsp; Services &nbsp; ESPACES \u00c9DUCATIFS- Cours d\u2019\u00e9coles non genr\u00e9es, durables et saines\u00a0Que faisons-nous? L&rsquo;espace est le troisi\u00e8me \u00e9ducateur, il transmet des messages que nous int\u00e9grons inconsciemment depuis l&rsquo;enfance et peut favoriser des relations in\u00e9gales et hi\u00e9rarchiques ou, au contraire, contribuer \u00e0 construire une soci\u00e9t\u00e9 plus juste. Par cons\u00e9quent, il est important de s&rsquo;assurer que les [&hellip;]<\/p>\n","protected":false},"author":5,"featured_media":0,"parent":0,"menu_order":0,"comment_status":"closed","ping_status":"closed","template":"","meta":{"_seopress_robots_primary_cat":"","_seopress_titles_title":"","_seopress_titles_desc":"","_seopress_robots_index":"","_et_pb_use_builder":"on","_et_pb_old_content":"","_et_gb_content_width":"","footnotes":""},"class_list":["post-5102","page","type-page","status-publish","hentry"],"_links":{"self":[{"href":"https:\/\/equalsaree.org\/fr\/wp-json\/wp\/v2\/pages\/5102","targetHints":{"allow":["GET"]}}],"collection":[{"href":"https:\/\/equalsaree.org\/fr\/wp-json\/wp\/v2\/pages"}],"about":[{"href":"https:\/\/equalsaree.org\/fr\/wp-json\/wp\/v2\/types\/page"}],"author":[{"embeddable":true,"href":"https:\/\/equalsaree.org\/fr\/wp-json\/wp\/v2\/users\/5"}],"replies":[{"embeddable":true,"href":"https:\/\/equalsaree.org\/fr\/wp-json\/wp\/v2\/comments?post=5102"}],"version-history":[{"count":0,"href":"https:\/\/equalsaree.org\/fr\/wp-json\/wp\/v2\/pages\/5102\/revisions"}],"wp:attachment":[{"href":"https:\/\/equalsaree.org\/fr\/wp-json\/wp\/v2\/media?parent=5102"}],"curies":[{"name":"wp","href":"https:\/\/api.w.org\/{rel}","templated":true}]}}