{"id":5101,"date":"2020-05-13T13:35:22","date_gmt":"2020-05-13T13:35:22","guid":{"rendered":"https:\/\/equalsaree.org\/?page_id=5101"},"modified":"2024-06-11T14:34:35","modified_gmt":"2024-06-11T14:34:35","slug":"diseno-patios-coeducativos","status":"publish","type":"page","link":"https:\/\/equalsaree.org\/es\/diseno-patios-coeducativos\/","title":{"rendered":"Patios coeducativos"},"content":{"rendered":"<p>[et_pb_section fb_built=\u00bb1&#8243; admin_label=\u00bbsection\u00bb _builder_version=\u00bb4.16&#8243; collapsed=\u00bboff\u00bb global_colors_info=\u00bb{}\u00bb][et_pb_row admin_label=\u00bbrow\u00bb _builder_version=\u00bb4.16&#8243; background_size=\u00bbinitial\u00bb background_position=\u00bbtop_left\u00bb background_repeat=\u00bbrepeat\u00bb global_colors_info=\u00bb{}\u00bb][et_pb_column type=\u00bb4_4&#8243; _builder_version=\u00bb4.16&#8243; custom_padding=\u00bb|||\u00bb global_colors_info=\u00bb{}\u00bb custom_padding__hover=\u00bb|||\u00bb][et_pb_text admin_label=\u00bbTexto\u00bb _builder_version=\u00bb4.23.1&#8243; text_font_size=\u00bb18&#8243; background_size=\u00bbinitial\u00bb background_position=\u00bbtop_left\u00bb background_repeat=\u00bbrepeat\u00bb use_border_color=\u00bboff\u00bb border_color=\u00bb#ffffff\u00bb border_style=\u00bbsolid\u00bb global_colors_info=\u00bb{}\u00bb]<\/p>\n<h1><span style=\"color: #54beb7;\"><strong><b>Dise\u00f1o de patios de escuela coeducativos<\/b><\/strong><\/span><\/h1>\n<p>[\/et_pb_text][\/et_pb_column][\/et_pb_row][et_pb_row column_structure=\u00bb1_2,1_2&#8243; admin_label=\u00bbrow\u00bb _builder_version=\u00bb4.16&#8243; background_size=\u00bbinitial\u00bb background_position=\u00bbtop_left\u00bb background_repeat=\u00bbrepeat\u00bb global_colors_info=\u00bb{}\u00bb][et_pb_column type=\u00bb1_2&#8243; _builder_version=\u00bb4.16&#8243; custom_padding=\u00bb|||\u00bb global_colors_info=\u00bb{}\u00bb custom_padding__hover=\u00bb|||\u00bb][\/et_pb_column][et_pb_column type=\u00bb1_2&#8243; _builder_version=\u00bb4.16&#8243; custom_padding=\u00bb|||\u00bb global_colors_info=\u00bb{}\u00bb custom_padding__hover=\u00bb|||\u00bb][et_pb_text admin_label=\u00bbTexto\u00bb _builder_version=\u00bb4.23.1&#8243; text_font_size=\u00bb18&#8243; background_size=\u00bbinitial\u00bb background_position=\u00bbtop_left\u00bb background_repeat=\u00bbrepeat\u00bb use_border_color=\u00bboff\u00bb border_color=\u00bb#ffffff\u00bb border_style=\u00bbsolid\u00bb global_colors_info=\u00bb{}\u00bb]<\/p>\n<p><b><\/b><\/p>\n<p><b>\u00bfQu\u00e9 podemos hacer?<\/b><\/p>\n<p>[\/et_pb_text][et_pb_divider show_divider=\u00bboff\u00bb disabled_on=\u00bbon|on|off\u00bb admin_label=\u00bbSeparador\u00bb _builder_version=\u00bb4.16&#8243; hide_on_mobile=\u00bbon\u00bb global_colors_info=\u00bb{}\u00bb]&nbsp;[\/et_pb_divider][\/et_pb_column][\/et_pb_row][et_pb_row column_structure=\u00bb1_2,1_2&#8243; admin_label=\u00bbFila\u00bb _builder_version=\u00bb4.16&#8243; background_size=\u00bbinitial\u00bb background_position=\u00bbtop_left\u00bb background_repeat=\u00bbrepeat\u00bb global_colors_info=\u00bb{}\u00bb][et_pb_column type=\u00bb1_2&#8243; _builder_version=\u00bb4.16&#8243; custom_padding=\u00bb|||\u00bb global_colors_info=\u00bb{}\u00bb custom_padding__hover=\u00bb|||\u00bb][et_pb_text admin_label=\u00bbTexto\u00bb _builder_version=\u00bb4.23.1&#8243; text_font_size=\u00bb12&#8243; text_line_height=\u00bb1.4em\u00bb background_size=\u00bbinitial\u00bb background_position=\u00bbtop_left\u00bb background_repeat=\u00bbrepeat\u00bb hover_enabled=\u00bb0&#8243; use_border_color=\u00bboff\u00bb border_color=\u00bb#ffffff\u00bb border_style=\u00bbsolid\u00bb global_colors_info=\u00bb{}\u00bb sticky_enabled=\u00bb0&#8243;]<\/p>\n<p><span style=\"font-weight: 400;\"><span>El <strong>espacio es el tercer educador<\/strong>, transmite mensajes que integramos de manera inconsciente desde la infancia y puede fomentar relaciones desiguales y jer\u00e1rquicas o, por el contrario, contribuir a una sociedad m\u00e1s justa. Por eso es importante garantizar que los espacios de aprendizaje est\u00e1n dise\u00f1ados con criterios de <strong>justicia de g\u00e9nero, de sostenibilidad ambiental y social y de inclusi\u00f3n de las diversidades<\/strong>.<\/span><\/span><\/p>\n<p>[\/et_pb_text][\/et_pb_column][et_pb_column type=\u00bb1_2&#8243; _builder_version=\u00bb4.16&#8243; custom_padding=\u00bb|||\u00bb global_colors_info=\u00bb{}\u00bb custom_padding__hover=\u00bb|||\u00bb][et_pb_text admin_label=\u00bbTexto\u00bb _builder_version=\u00bb4.23.1&#8243; text_font_size=\u00bb12&#8243; text_line_height=\u00bb1.4em\u00bb background_size=\u00bbinitial\u00bb background_position=\u00bbtop_left\u00bb background_repeat=\u00bbrepeat\u00bb use_border_color=\u00bboff\u00bb border_color=\u00bb#ffffff\u00bb border_style=\u00bbsolid\u00bb global_colors_info=\u00bb{}\u00bb]<\/p>\n<ul>\n<li><b>Transformaci\u00f3n de patios de escuela<\/b><\/li>\n<li><b>Proyectos con las comunidades educativas<\/b><\/li>\n<\/ul>\n<p>[\/et_pb_text][\/et_pb_column][\/et_pb_row][et_pb_row admin_label=\u00bbFila\u00bb _builder_version=\u00bb4.16&#8243; background_size=\u00bbinitial\u00bb background_position=\u00bbtop_left\u00bb background_repeat=\u00bbrepeat\u00bb global_colors_info=\u00bb{}\u00bb][et_pb_column type=\u00bb4_4&#8243; _builder_version=\u00bb4.16&#8243; custom_padding=\u00bb|||\u00bb global_colors_info=\u00bb{}\u00bb custom_padding__hover=\u00bb|||\u00bb][et_pb_divider show_divider=\u00bboff\u00bb disabled_on=\u00bbon|on|off\u00bb admin_label=\u00bbSeparador\u00bb _builder_version=\u00bb4.16&#8243; height=\u00bb20px\u00bb hide_on_mobile=\u00bbon\u00bb global_colors_info=\u00bb{}\u00bb]&nbsp;[\/et_pb_divider][\/et_pb_column][\/et_pb_row][et_pb_row admin_label=\u00bbFila\u00bb _builder_version=\u00bb4.16&#8243; background_size=\u00bbinitial\u00bb background_position=\u00bbtop_left\u00bb background_repeat=\u00bbrepeat\u00bb global_colors_info=\u00bb{}\u00bb][et_pb_column type=\u00bb4_4&#8243; _builder_version=\u00bb4.16&#8243; custom_padding=\u00bb|||\u00bb global_colors_info=\u00bb{}\u00bb custom_padding__hover=\u00bb|||\u00bb][et_pb_divider color=\u00bb#000000&#8243; divider_position=\u00bbcenter\u00bb disabled_on=\u00bbon|on|off\u00bb admin_label=\u00bbSeparador\u00bb _builder_version=\u00bb4.16&#8243; height=\u00bb80px\u00bb hide_on_mobile=\u00bbon\u00bb global_colors_info=\u00bb{}\u00bb]&nbsp;[\/et_pb_divider][\/et_pb_column][\/et_pb_row][et_pb_row column_structure=\u00bb1_2,1_2&#8243; padding_mobile=\u00bboff\u00bb column_padding_mobile=\u00bbon\u00bb admin_label=\u00bb#etapa1&#8243; module_id=\u00bbetapa1&#8243; _builder_version=\u00bb4.22.2&#8243; background_size=\u00bbinitial\u00bb background_position=\u00bbtop_left\u00bb background_repeat=\u00bbrepeat\u00bb locked=\u00bboff\u00bb global_colors_info=\u00bb{}\u00bb][et_pb_column type=\u00bb1_2&#8243; _builder_version=\u00bb4.16&#8243; custom_padding=\u00bb|||\u00bb global_colors_info=\u00bb{}\u00bb custom_padding__hover=\u00bb|||\u00bb][et_pb_gallery gallery_ids=\u00bb14314&#8243; fullwidth=\u00bbon\u00bb admin_label=\u00bbGaler\u00eda\u00bb _builder_version=\u00bb4.23.1&#8243; auto=\u00bbon\u00bb pagination_font_size_tablet=\u00bb51&#8243; pagination_line_height_tablet=\u00bb2&#8243; use_border_color=\u00bboff\u00bb global_colors_info=\u00bb{}\u00bb]\u00a0 [\/et_pb_gallery][\/et_pb_column][et_pb_column type=\u00bb1_2&#8243; _builder_version=\u00bb4.16&#8243; custom_padding=\u00bb|||\u00bb global_colors_info=\u00bb{}\u00bb custom_padding__hover=\u00bb|||\u00bb][et_pb_text admin_label=\u00bbetapa 1&#8243; module_id=\u00bb#etapa1&#8243; _builder_version=\u00bb4.23.1&#8243; text_font_size=\u00bb12&#8243; text_line_height=\u00bb1.4em\u00bb background_size=\u00bbinitial\u00bb background_position=\u00bbtop_left\u00bb background_repeat=\u00bbrepeat\u00bb custom_padding=\u00bb||0px|||\u00bb use_border_color=\u00bboff\u00bb global_colors_info=\u00bb{}\u00bb]<\/p>\n<h3><b>Transformaci\u00f3n de patios de escuela<\/b><\/h3>\n<p><span style=\"font-weight: 400;\">Os ayudamos a repensar los espacios educativos para que refuercen los valores de vuestro proyecto pedag\u00f3gico. Os asesoramos y aportamos soluciones t\u00e9cnicas para hacer viables vuestras ideas de transformaci\u00f3n teniendo en cuenta las normativas existentes. Acompa\u00f1amos todas las fases del proceso desde la participaci\u00f3n hasta la construcci\u00f3n y redactamos los documentos t\u00e9cnicos necesarios.<\/span><\/p>\n<p><b><\/b><\/p>\n<h5><b><\/b><\/h5>\n<h5><b>Patios coeducativos<\/b><\/h5>\n<p><span style=\"font-weight: 400;\">Dise\u00f1amos espacios no jer\u00e1rquicos, inclusivos, estimulantes y promotores de relaciones entre iguales. Creamos espacios l\u00fadicos y de aprendizaje que incentivan la creatividad, la imaginaci\u00f3n y la innovaci\u00f3n. Promovemos una construcci\u00f3n basada en la sostenibilidad social, ambiental y econ\u00f3mica, utilizando materiales locales, optimizando los recursos del entorno y aprovechando al m\u00e1ximo las preexistencias.<\/span><\/p>\n<h5><b>Refugios clim\u00e1ticos<\/b><\/h5>\n<p><span style=\"font-weight: 400;\">A partir de soluciones basadas en la naturaleza acondicionamos los patios para mitigar los efectos del cambio clim\u00e1tico. Al mismo timpo, los elementos introducidos y las acciones propuestas se convierten en oportunidades l\u00fadicas y pedag\u00f3gicas.<\/span><\/p>\n<h6><span style=\"text-decoration: underline;\"><strong><\/strong><\/span><\/h6>\n<p><span style=\"text-decoration: underline;\"><strong><\/strong><\/span><\/p>\n<h6><b>Proyectos de referencia: <\/b><\/h6>\n<ul>\n<li style=\"font-weight: 400;\" aria-level=\"1\"><a href=\"https:\/\/equalsaree.org\/es\/project\/empatitzem\/\" target=\"_blank\" rel=\"noopener\">Empatitzem. Repensem l&#8217;\u00fas dels patis escolars<\/a><\/li>\n<li style=\"font-weight: 400;\" aria-level=\"1\"><a href=\"https:\/\/equalsaree.org\/es\/project\/un-patio-diferente-y-divertido\/\" target=\"_blank\" rel=\"noopener\">Un pati diferent i divertit\u00a0<\/a><\/li>\n<\/ul>\n<p>[\/et_pb_text][et_pb_text admin_label=\u00bbTexto\u00bb _builder_version=\u00bb4.16&#8243; background_size=\u00bbinitial\u00bb background_position=\u00bbtop_left\u00bb background_repeat=\u00bbrepeat\u00bb use_border_color=\u00bboff\u00bb global_colors_info=\u00bb{}\u00bb]<\/p>\n<h4><a href=\"#etapas\"><img loading=\"lazy\" decoding=\"async\" class=\"alignnone wp-image-445\" src=\"https:\/\/equalsaree.org\/wp-content\/uploads\/2016\/03\/FLECHA-1.png\" alt=\"FLECHA\" width=\"20\" height=\"22\" \/><\/a><\/h4>\n<p>[\/et_pb_text][\/et_pb_column][\/et_pb_row][et_pb_row admin_label=\u00bbFila\u00bb _builder_version=\u00bb4.16&#8243; background_size=\u00bbinitial\u00bb background_position=\u00bbtop_left\u00bb background_repeat=\u00bbrepeat\u00bb locked=\u00bboff\u00bb global_colors_info=\u00bb{}\u00bb][et_pb_column type=\u00bb4_4&#8243; _builder_version=\u00bb4.16&#8243; custom_padding=\u00bb|||\u00bb global_colors_info=\u00bb{}\u00bb custom_padding__hover=\u00bb|||\u00bb][et_pb_divider color=\u00bb#000000&#8243; divider_position=\u00bbcenter\u00bb disabled_on=\u00bbon|on|off\u00bb admin_label=\u00bbSeparador\u00bb _builder_version=\u00bb4.16&#8243; height=\u00bb80px\u00bb hide_on_mobile=\u00bbon\u00bb global_colors_info=\u00bb{}\u00bb]&nbsp;[\/et_pb_divider][\/et_pb_column][\/et_pb_row][et_pb_row column_structure=\u00bb1_2,1_2&#8243; padding_mobile=\u00bboff\u00bb column_padding_mobile=\u00bbon\u00bb admin_label=\u00bb#etapa1&#8243; module_id=\u00bbetapa1&#8243; _builder_version=\u00bb4.22.2&#8243; background_size=\u00bbinitial\u00bb background_position=\u00bbtop_left\u00bb background_repeat=\u00bbrepeat\u00bb locked=\u00bboff\u00bb global_colors_info=\u00bb{}\u00bb][et_pb_column type=\u00bb1_2&#8243; _builder_version=\u00bb4.16&#8243; custom_padding=\u00bb|||\u00bb global_colors_info=\u00bb{}\u00bb custom_padding__hover=\u00bb|||\u00bb][et_pb_gallery gallery_ids=\u00bb16107&#8243; fullwidth=\u00bbon\u00bb admin_label=\u00bbGaler\u00eda\u00bb _builder_version=\u00bb4.23.1&#8243; auto=\u00bbon\u00bb pagination_font_size_tablet=\u00bb51&#8243; pagination_line_height_tablet=\u00bb2&#8243; use_border_color=\u00bboff\u00bb global_colors_info=\u00bb{}\u00bb]\u00a0 [\/et_pb_gallery][\/et_pb_column][et_pb_column type=\u00bb1_2&#8243; _builder_version=\u00bb4.16&#8243; custom_padding=\u00bb|||\u00bb global_colors_info=\u00bb{}\u00bb custom_padding__hover=\u00bb|||\u00bb][et_pb_text admin_label=\u00bbetapa 1&#8243; module_id=\u00bb#etapa1&#8243; _builder_version=\u00bb4.23.1&#8243; text_font_size=\u00bb12&#8243; text_line_height=\u00bb1.4em\u00bb background_size=\u00bbinitial\u00bb background_position=\u00bbtop_left\u00bb background_repeat=\u00bbrepeat\u00bb custom_padding=\u00bb||0px|||\u00bb use_border_color=\u00bboff\u00bb global_colors_info=\u00bb{}\u00bb]<\/p>\n<h3><b>Proyectos con las comunidades educativas<\/b><\/h3>\n<p><span style=\"font-weight: 400;\">Acompa\u00f1amos a las comunidades educativas en el an\u00e1lisis, la generaci\u00f3n de ideas y la transformaci\u00f3n de sus espacios de aprendizaje a trav\u00e9s de un proceso colectivo de reflexi\u00f3n y debate. M\u00e1s all\u00e1 de la transformaci\u00f3n f\u00edsica de los espacios es un proceso pedag\u00f3gico donde se incluyen valores de cooperaci\u00f3n, equidad y trabajo en equipo.<\/span><\/p>\n<h5><b><\/b><\/h5>\n<h5><b><\/b><\/h5>\n<h5><b>Programas municipales<\/b><\/h5>\n<p><span style=\"font-weight: 400;\">Asesoramos a nivel estrat\u00e9gico, conceptual y metodol\u00f3gico en la ideaci\u00f3n y desarrollo de programas de transformaci\u00f3n de patios y de entornos escolares a nivel municipal. Contamos con una amplia experiencia acompa\u00f1ando a administraciones locales en la implementaci\u00f3n de programas de transformaci\u00f3n de patios escolares con mirada coeducativa, inclusiva y sostenible.<\/span><\/p>\n<p><b>Formaci\u00f3n con profesorado y familias<\/b><\/p>\n<p><span style=\"font-weight: 400;\">Incorporar la dimensi\u00f3n espacial en la coeducaci\u00f3n nos habilita para tomar conciencia de c\u00f3mo se articulan las desigualdades sociales en este \u00e1mbito y poder actuar para evitarlas y prevenirlas. Damos herramientas para entender el patio de la escuela desde una nueva mirada, desde las diversidades y los sentidos.<\/span><\/p>\n<h6><span style=\"text-decoration: underline;\"><strong><\/strong><\/span><\/h6>\n<h6><span style=\"text-decoration: underline;\"><strong><\/strong><\/span><\/h6>\n<h6><b>Proyectos de referencia: <\/b><\/h6>\n<ul>\n<li aria-level=\"1\"><a href=\"https:\/\/equalsaree.org\/es\/project\/les-cours-buissonnieres\/\" target=\"_blank\" rel=\"noopener\">Les Cours Buissonni\u00e8res. Remodelaci\u00f3 dels patis de les Escoles de prim\u00e0ria i bressol de la ciutat de Bordeus<\/a><\/li>\n<li aria-level=\"1\"><a href=\"https:\/\/equalsaree.org\/es\/project\/empatitzem\/\" target=\"_blank\" rel=\"noopener\">Empatitzem. Repensem l&#8217;\u00fas dels patis escolars<\/a><\/li>\n<li aria-level=\"1\">Transformem els patis. Barcelona<\/li>\n<\/ul>\n<ul><\/ul>\n<p>[\/et_pb_text][et_pb_text admin_label=\u00bbTexto\u00bb _builder_version=\u00bb4.16&#8243; background_size=\u00bbinitial\u00bb background_position=\u00bbtop_left\u00bb background_repeat=\u00bbrepeat\u00bb use_border_color=\u00bboff\u00bb global_colors_info=\u00bb{}\u00bb]<\/p>\n<h4><a href=\"#etapas\"><img loading=\"lazy\" decoding=\"async\" class=\"alignnone wp-image-445\" src=\"https:\/\/equalsaree.org\/wp-content\/uploads\/2016\/03\/FLECHA-1.png\" alt=\"FLECHA\" width=\"20\" height=\"22\" \/><\/a><\/h4>\n<p>[\/et_pb_text][\/et_pb_column][\/et_pb_row][\/et_pb_section]<\/p>\n","protected":false},"excerpt":{"rendered":"<p>Dise\u00f1o de patios de escuela coeducativos \u00bfQu\u00e9 podemos hacer?&nbsp;El espacio es el tercer educador, transmite mensajes que integramos de manera inconsciente desde la infancia y puede fomentar relaciones desiguales y jer\u00e1rquicas o, por el contrario, contribuir a una sociedad m\u00e1s justa. Por eso es importante garantizar que los espacios de aprendizaje est\u00e1n dise\u00f1ados con criterios [&hellip;]<\/p>\n","protected":false},"author":7,"featured_media":0,"parent":0,"menu_order":0,"comment_status":"closed","ping_status":"closed","template":"","meta":{"_seopress_robots_primary_cat":"","_seopress_titles_title":"Dise\u00f1o de patio de escuela coeducativo","_seopress_titles_desc":"Los espacios de aprendizaje y patios los dise\u00f1amos con criterios de justicia de g\u00e9nero, de sostenibilidad y de inclusi\u00f3n de las diversidades","_seopress_robots_index":"","_et_pb_use_builder":"on","_et_pb_old_content":"","_et_gb_content_width":"","footnotes":""},"class_list":["post-5101","page","type-page","status-publish","hentry"],"_links":{"self":[{"href":"https:\/\/equalsaree.org\/es\/wp-json\/wp\/v2\/pages\/5101","targetHints":{"allow":["GET"]}}],"collection":[{"href":"https:\/\/equalsaree.org\/es\/wp-json\/wp\/v2\/pages"}],"about":[{"href":"https:\/\/equalsaree.org\/es\/wp-json\/wp\/v2\/types\/page"}],"author":[{"embeddable":true,"href":"https:\/\/equalsaree.org\/es\/wp-json\/wp\/v2\/users\/7"}],"replies":[{"embeddable":true,"href":"https:\/\/equalsaree.org\/es\/wp-json\/wp\/v2\/comments?post=5101"}],"version-history":[{"count":3,"href":"https:\/\/equalsaree.org\/es\/wp-json\/wp\/v2\/pages\/5101\/revisions"}],"predecessor-version":[{"id":16797,"href":"https:\/\/equalsaree.org\/es\/wp-json\/wp\/v2\/pages\/5101\/revisions\/16797"}],"wp:attachment":[{"href":"https:\/\/equalsaree.org\/es\/wp-json\/wp\/v2\/media?parent=5101"}],"curies":[{"name":"wp","href":"https:\/\/api.w.org\/{rel}","templated":true}]}}