{"id":5066,"date":"2020-05-13T13:35:21","date_gmt":"2020-05-13T13:35:21","guid":{"rendered":"https:\/\/equalsaree.org\/?page_id=5066"},"modified":"2024-06-11T14:36:12","modified_gmt":"2024-06-11T14:36:12","slug":"procesos-participativos","status":"publish","type":"page","link":"https:\/\/equalsaree.org\/es\/procesos-participativos\/","title":{"rendered":"Procesos participativos"},"content":{"rendered":"<p>[et_pb_section fb_built=\u00bb1&#8243; admin_label=\u00bbsection\u00bb _builder_version=\u00bb4.16&#8243; global_colors_info=\u00bb{}\u00bb][et_pb_row admin_label=\u00bbrow\u00bb _builder_version=\u00bb4.16&#8243; background_size=\u00bbinitial\u00bb background_position=\u00bbtop_left\u00bb background_repeat=\u00bbrepeat\u00bb global_colors_info=\u00bb{}\u00bb][et_pb_column type=\u00bb4_4&#8243; _builder_version=\u00bb4.16&#8243; custom_padding=\u00bb|||\u00bb global_colors_info=\u00bb{}\u00bb custom_padding__hover=\u00bb|||\u00bb][et_pb_text admin_label=\u00bbTexto\u00bb _builder_version=\u00bb4.23.1&#8243; text_font_size=\u00bb18&#8243; background_size=\u00bbinitial\u00bb background_position=\u00bbtop_left\u00bb background_repeat=\u00bbrepeat\u00bb use_border_color=\u00bboff\u00bb border_color=\u00bb#ffffff\u00bb border_style=\u00bbsolid\u00bb global_colors_info=\u00bb{}\u00bb]<\/p>\n<h1><span style=\"color: #54beb7;\"><strong><b>Procesos participativos con perspectiva de g\u00e9nero<\/b><\/strong><\/span><\/h1>\n<p>[\/et_pb_text][\/et_pb_column][\/et_pb_row][et_pb_row column_structure=\u00bb1_2,1_2&#8243; admin_label=\u00bbrow\u00bb _builder_version=\u00bb4.16&#8243; background_size=\u00bbinitial\u00bb background_position=\u00bbtop_left\u00bb background_repeat=\u00bbrepeat\u00bb global_colors_info=\u00bb{}\u00bb][et_pb_column type=\u00bb1_2&#8243; _builder_version=\u00bb4.16&#8243; custom_padding=\u00bb|||\u00bb global_colors_info=\u00bb{}\u00bb custom_padding__hover=\u00bb|||\u00bb][\/et_pb_column][et_pb_column type=\u00bb1_2&#8243; _builder_version=\u00bb4.16&#8243; custom_padding=\u00bb|||\u00bb global_colors_info=\u00bb{}\u00bb custom_padding__hover=\u00bb|||\u00bb][et_pb_text admin_label=\u00bbTexto\u00bb _builder_version=\u00bb4.23.1&#8243; text_font_size=\u00bb18&#8243; background_size=\u00bbinitial\u00bb background_position=\u00bbtop_left\u00bb background_repeat=\u00bbrepeat\u00bb use_border_color=\u00bboff\u00bb border_color=\u00bb#ffffff\u00bb border_style=\u00bbsolid\u00bb global_colors_info=\u00bb{}\u00bb]<\/p>\n<p><span style=\"color: #000000;\"><strong><\/strong><\/span><\/p>\n<p><span style=\"color: #000000;\"><strong><b>\u00bfQu\u00e9 podemos hacer?<\/b><\/strong><\/span><\/p>\n<p>[\/et_pb_text][\/et_pb_column][\/et_pb_row][et_pb_row column_structure=\u00bb1_2,1_2&#8243; admin_label=\u00bbFila\u00bb _builder_version=\u00bb4.16&#8243; background_size=\u00bbinitial\u00bb background_position=\u00bbtop_left\u00bb background_repeat=\u00bbrepeat\u00bb global_colors_info=\u00bb{}\u00bb][et_pb_column type=\u00bb1_2&#8243; _builder_version=\u00bb4.16&#8243; custom_padding=\u00bb|||\u00bb global_colors_info=\u00bb{}\u00bb custom_padding__hover=\u00bb|||\u00bb][et_pb_text admin_label=\u00bbTexto\u00bb _builder_version=\u00bb4.23.1&#8243; text_font_size=\u00bb12&#8243; text_line_height=\u00bb1.4em\u00bb background_size=\u00bbinitial\u00bb background_position=\u00bbtop_left\u00bb background_repeat=\u00bbrepeat\u00bb hover_enabled=\u00bb0&#8243; use_border_color=\u00bboff\u00bb border_color=\u00bb#ffffff\u00bb border_style=\u00bbsolid\u00bb global_colors_info=\u00bb{}\u00bb sticky_enabled=\u00bb0&#8243;]<\/p>\n<p><span style=\"font-weight: 400;\">Los procesos participativos en clave feminista nos permiten <strong>poner en el centro de las decisiones las realidades cotidianas de personas diversas<\/strong>, tener en cuenta sus necesidades y sus expectativas, garantizando la pluralidad de voces en el debate con una mirada integradora. Mediante la participaci\u00f3n una comunidad mejora su entorno f\u00edsico y social y se fortalece la relaci\u00f3n entre la ciudadan\u00eda y la administraci\u00f3n p\u00fablica.<\/span><\/p>\n<p>[\/et_pb_text][\/et_pb_column][et_pb_column type=\u00bb1_2&#8243; _builder_version=\u00bb4.16&#8243; custom_padding=\u00bb|||\u00bb global_colors_info=\u00bb{}\u00bb custom_padding__hover=\u00bb|||\u00bb][et_pb_text admin_label=\u00bbTexto\u00bb _builder_version=\u00bb4.23.1&#8243; text_font_size=\u00bb12&#8243; text_line_height=\u00bb1.4em\u00bb background_size=\u00bbinitial\u00bb background_position=\u00bbtop_left\u00bb background_repeat=\u00bbrepeat\u00bb use_border_color=\u00bboff\u00bb border_color=\u00bb#ffffff\u00bb border_style=\u00bbsolid\u00bb global_colors_info=\u00bb{}\u00bb]<\/p>\n<ul>\n<li><b>Dise\u00f1o y dinamizaci\u00f3n de procesos participativos<\/b><\/li>\n<li><b>Participaci\u00f3n con colectivos vulnerabilizados<\/b><\/li>\n<\/ul>\n<p>[\/et_pb_text][\/et_pb_column][\/et_pb_row][et_pb_row admin_label=\u00bbFila\u00bb _builder_version=\u00bb4.16&#8243; background_size=\u00bbinitial\u00bb background_position=\u00bbtop_left\u00bb background_repeat=\u00bbrepeat\u00bb global_colors_info=\u00bb{}\u00bb][et_pb_column type=\u00bb4_4&#8243; _builder_version=\u00bb4.16&#8243; custom_padding=\u00bb|||\u00bb global_colors_info=\u00bb{}\u00bb custom_padding__hover=\u00bb|||\u00bb][et_pb_divider color=\u00bb#000000&#8243; divider_position=\u00bbcenter\u00bb disabled_on=\u00bbon|on|off\u00bb admin_label=\u00bbSeparador\u00bb _builder_version=\u00bb4.16&#8243; height=\u00bb80px\u00bb hide_on_mobile=\u00bbon\u00bb global_colors_info=\u00bb{}\u00bb]\u00a0[\/et_pb_divider][\/et_pb_column][\/et_pb_row][et_pb_row column_structure=\u00bb1_2,1_2&#8243; padding_mobile=\u00bboff\u00bb column_padding_mobile=\u00bbon\u00bb admin_label=\u00bb#etapa1&#8243; module_id=\u00bbetapa1&#8243; _builder_version=\u00bb4.22.2&#8243; background_size=\u00bbinitial\u00bb background_position=\u00bbtop_left\u00bb background_repeat=\u00bbrepeat\u00bb locked=\u00bboff\u00bb global_colors_info=\u00bb{}\u00bb][et_pb_column type=\u00bb1_2&#8243; _builder_version=\u00bb4.16&#8243; custom_padding=\u00bb|||\u00bb global_colors_info=\u00bb{}\u00bb custom_padding__hover=\u00bb|||\u00bb][et_pb_gallery gallery_ids=\u00bb16281&#8243; fullwidth=\u00bbon\u00bb admin_label=\u00bbGaler\u00eda\u00bb _builder_version=\u00bb4.23.1&#8243; auto=\u00bbon\u00bb pagination_font_size_tablet=\u00bb51&#8243; pagination_line_height_tablet=\u00bb2&#8243; use_border_color=\u00bboff\u00bb global_colors_info=\u00bb{}\u00bb]\u00a0 [\/et_pb_gallery][\/et_pb_column][et_pb_column type=\u00bb1_2&#8243; _builder_version=\u00bb4.16&#8243; custom_padding=\u00bb|||\u00bb global_colors_info=\u00bb{}\u00bb custom_padding__hover=\u00bb|||\u00bb][et_pb_text admin_label=\u00bbetapa 1&#8243; module_id=\u00bb#etapa1&#8243; _builder_version=\u00bb4.23.1&#8243; text_font_size=\u00bb12&#8243; text_line_height=\u00bb1.4em\u00bb background_size=\u00bbinitial\u00bb background_position=\u00bbtop_left\u00bb background_repeat=\u00bbrepeat\u00bb custom_padding=\u00bb||0px|||\u00bb use_border_color=\u00bboff\u00bb global_colors_info=\u00bb{}\u00bb]<\/p>\n<h3><b>Dise\u00f1o y dinamizaci\u00f3n de procesos participativos<\/b><\/h3>\n<p><span style=\"font-weight: 400;\">Dise\u00f1amos procesos a medida de cada contexto con el objetivo de recoger las necesidades espec\u00edficas de la poblaci\u00f3n y garantizar que las actuaciones resultantes sean equitativas y eficientes. Utilizamos t\u00e9cnicas y metodolog\u00edas inclusivas que permiten una participaci\u00f3n horizontal en el debate, poniendo especial atenci\u00f3n a los colectivos generalmente invisibilizados.<\/span><\/p>\n<h5><\/h5>\n<h5><\/h5>\n<h5><b>Proyectos de espacio p\u00fablico y Planes urban\u00edsticos <\/b><\/h5>\n<p><span style=\"font-weight: 400;\">Generamos diversos espacios de participaci\u00f3n que acompa\u00f1en los procesos de redacci\u00f3n de proyectos de espacio p\u00fablico y planes urban\u00edsticos, dise\u00f1amos actividades a medida, que faciliten el trabajo t\u00e9cnico y ciudadano en las diversas fases del proyecto.<\/span><\/p>\n<h5><b>Agenda urbana y\/o Agenda 2030<\/b><\/h5>\n<p><span style=\"font-weight: 400;\">Acompa\u00f1amos a los equipos municipales y a la ciudadan\u00eda en la definici\u00f3n de estrategias y acciones que permitan hacer frente a los principales retos locales y globales, poniendo en el centro la sostenibilidad de la vida y los recursos.<\/span><\/p>\n<h5><b>Presupuestos participativos<\/b><\/h5>\n<p><span style=\"font-weight: 400;\">Implicamos a los diversos colectivos ciudadanos en la toma de decisiones sobre el destino de una parte de los recursos p\u00fablicos, a trav\u00e9s de espacios de reflexi\u00f3n, propuesta, debate y priorizaci\u00f3n de propuestas que den respuesta a las necesidades detectadas.<\/span><\/p>\n<h5><b>Definici\u00f3n de usos y servicios para equipamientos<\/b><\/h5>\n<p><span style=\"font-weight: 400;\">Facilitamos el trabajo conjunto entre las personas, entidades y equipos t\u00e9cnicos municipales para la definici\u00f3n de los usos y servicios que acoger\u00e1 la futura equipaci\u00f3n, desde una compresi\u00f3n amplia de las necesidades espaciales del territorio y de los colectivos que lo habitan.<\/span><\/p>\n<p>[\/et_pb_text][et_pb_text admin_label=\u00bbTexto\u00bb _builder_version=\u00bb4.16&#8243; background_size=\u00bbinitial\u00bb background_position=\u00bbtop_left\u00bb background_repeat=\u00bbrepeat\u00bb use_border_color=\u00bboff\u00bb global_colors_info=\u00bb{}\u00bb]<\/p>\n<h4><a href=\"#etapas\"><img loading=\"lazy\" decoding=\"async\" class=\"alignnone wp-image-445\" src=\"https:\/\/equalsaree.org\/wp-content\/uploads\/2016\/03\/FLECHA-1.png\" alt=\"FLECHA\" width=\"20\" height=\"22\" \/><\/a><\/h4>\n<p>[\/et_pb_text][\/et_pb_column][\/et_pb_row][et_pb_row admin_label=\u00bbFila\u00bb _builder_version=\u00bb4.16&#8243; background_size=\u00bbinitial\u00bb background_position=\u00bbtop_left\u00bb background_repeat=\u00bbrepeat\u00bb locked=\u00bboff\u00bb global_colors_info=\u00bb{}\u00bb][et_pb_column type=\u00bb4_4&#8243; _builder_version=\u00bb4.16&#8243; custom_padding=\u00bb|||\u00bb global_colors_info=\u00bb{}\u00bb custom_padding__hover=\u00bb|||\u00bb][et_pb_divider color=\u00bb#000000&#8243; divider_position=\u00bbcenter\u00bb disabled_on=\u00bbon|on|off\u00bb admin_label=\u00bbSeparador\u00bb _builder_version=\u00bb4.16&#8243; height=\u00bb80px\u00bb hide_on_mobile=\u00bbon\u00bb global_colors_info=\u00bb{}\u00bb]\u00a0[\/et_pb_divider][\/et_pb_column][\/et_pb_row][et_pb_row column_structure=\u00bb1_2,1_2&#8243; padding_mobile=\u00bboff\u00bb column_padding_mobile=\u00bbon\u00bb admin_label=\u00bb#etapa1&#8243; module_id=\u00bbetapa1&#8243; _builder_version=\u00bb4.22.2&#8243; background_size=\u00bbinitial\u00bb background_position=\u00bbtop_left\u00bb background_repeat=\u00bbrepeat\u00bb locked=\u00bboff\u00bb global_colors_info=\u00bb{}\u00bb][et_pb_column type=\u00bb1_2&#8243; _builder_version=\u00bb4.16&#8243; custom_padding=\u00bb|||\u00bb global_colors_info=\u00bb{}\u00bb custom_padding__hover=\u00bb|||\u00bb][et_pb_gallery gallery_ids=\u00bb13640&#8243; fullwidth=\u00bbon\u00bb admin_label=\u00bbGaler\u00eda\u00bb _builder_version=\u00bb4.23.1&#8243; auto=\u00bbon\u00bb pagination_font_size_tablet=\u00bb51&#8243; pagination_line_height_tablet=\u00bb2&#8243; use_border_color=\u00bboff\u00bb global_colors_info=\u00bb{}\u00bb]\u00a0 [\/et_pb_gallery][\/et_pb_column][et_pb_column type=\u00bb1_2&#8243; _builder_version=\u00bb4.16&#8243; custom_padding=\u00bb|||\u00bb global_colors_info=\u00bb{}\u00bb custom_padding__hover=\u00bb|||\u00bb][et_pb_text admin_label=\u00bbetapa 1&#8243; module_id=\u00bb#etapa1&#8243; _builder_version=\u00bb4.23.1&#8243; text_font_size=\u00bb12&#8243; text_line_height=\u00bb1.4em\u00bb background_size=\u00bbinitial\u00bb background_position=\u00bbtop_left\u00bb background_repeat=\u00bbrepeat\u00bb custom_padding=\u00bb||0px|||\u00bb use_border_color=\u00bboff\u00bb global_colors_info=\u00bb{}\u00bb]<\/p>\n<h3><b>Participaci\u00f3n con colectivos vulnerabilizados<\/b><\/h3>\n<h5><\/h5>\n<h5><b>Marchas exploratorias<\/b><\/h5>\n<p><span style=\"font-weight: 400;\">Las marchas exploratorias son una metodolog\u00eda espec\u00edfica para analizar el espacio urbano desde la observaci\u00f3n directa y a partir de las experiencias de las personas y para hacer propuestas que mejoren la vida cotidiana mediante intervenciones de urbanismo t\u00e1ctico. Cuando se aborda espec\u00edficamente el impacto de las opresiones en la percepci\u00f3n del entorno, se recomienda trabajar con grupos exclusivos de mujeres y disidencias. Esta metodolog\u00eda puede ser tambi\u00e9n una herramienta de emancipaci\u00f3n y visibilizaci\u00f3n.<\/span><\/p>\n<h5><b>Actividades con infancia<\/b><\/h5>\n<p><span style=\"font-weight: 400;\">Se remarca la importancia de incluir a la infancia en los procesos de transformaci\u00f3n de su entorno como una herramienta clave en su proceso de aprendizaje y de formaci\u00f3n. La educaci\u00f3n espacial es una herramienta de empoderamiento ya que habilita a la infancia para analizar los espacios con una mirada cr\u00edtica y poder proponer mejoras con una perspectiva inclusiva y a trav\u00e9s del debate colectivo y el consenso.<\/span><\/p>\n<h5><b>Actividades con colectivos espec\u00edficos<\/b><\/h5>\n<p><span style=\"font-weight: 400;\">Dise\u00f1amos y dinamizamos actividades participativas adaptadas a colectivos vulnerabilizados por diferentes situaciones (edad, capacidades, g\u00e9nero, etc.) con el objetivo de escuchar sus voces y hacer visibles sus necesidades. Estas actividades se pueden enmarcar en procesos m\u00e1s amplios que incluyen en toda la ciudadan\u00eda. <\/span><\/p>\n<h6><\/h6>\n<h6><span style=\"text-decoration: underline;\"><b>Proyectos de referencia: <\/b><\/span><\/h6>\n<ul>\n<li style=\"font-weight: 400;\" aria-level=\"1\"><span style=\"font-weight: 400;\">Pla de Barris Barcelona<\/span><\/li>\n<li style=\"font-weight: 400;\" aria-level=\"1\"><span style=\"font-weight: 400;\">Marxa font de la farga<\/span><\/li>\n<li style=\"font-weight: 400;\" aria-level=\"1\"><span style=\"font-weight: 400;\">Constru\u00efm Sant Feliu\u00a0<\/span><\/li>\n<li style=\"font-weight: 400;\" aria-level=\"1\"><span style=\"font-weight: 400;\">Salzel\u00fadic<\/span><\/li>\n<li style=\"font-weight: 400;\" aria-level=\"1\"><span style=\"font-weight: 400;\">Sandino<\/span><\/li>\n<li style=\"font-weight: 400;\" aria-level=\"1\"><span style=\"font-weight: 400;\">Via laietana<\/span><\/li>\n<\/ul>\n<p>[\/et_pb_text][et_pb_text admin_label=\u00bbTexto\u00bb _builder_version=\u00bb4.16&#8243; background_size=\u00bbinitial\u00bb background_position=\u00bbtop_left\u00bb background_repeat=\u00bbrepeat\u00bb use_border_color=\u00bboff\u00bb global_colors_info=\u00bb{}\u00bb]<\/p>\n<h4><a href=\"#etapas\"><img loading=\"lazy\" decoding=\"async\" class=\"alignnone wp-image-445\" src=\"https:\/\/equalsaree.org\/wp-content\/uploads\/2016\/03\/FLECHA-1.png\" alt=\"FLECHA\" width=\"20\" height=\"22\" \/><\/a><\/h4>\n<p>[\/et_pb_text][\/et_pb_column][\/et_pb_row][\/et_pb_section]<\/p>\n","protected":false},"excerpt":{"rendered":"<p>Procesos participativos con perspectiva de g\u00e9nero \u00bfQu\u00e9 podemos hacer?Los procesos participativos en clave feminista nos permiten poner en el centro de las decisiones las realidades cotidianas de personas diversas, tener en cuenta sus necesidades y sus expectativas, garantizando la pluralidad de voces en el debate con una mirada integradora. Mediante la participaci\u00f3n una comunidad mejora [&hellip;]<\/p>\n","protected":false},"author":7,"featured_media":0,"parent":0,"menu_order":0,"comment_status":"closed","ping_status":"closed","template":"","meta":{"_seopress_robots_primary_cat":"","_seopress_titles_title":"Procesos participativos con perspectiva de g\u00e9nero | Equal Saree","_seopress_titles_desc":"La participaci\u00f3n en clave feminista nos permite poner en el centro de las decisiones las realidades cotidianas de personas diversas","_seopress_robots_index":"","_seopress_analysis_target_kw":"","_et_pb_use_builder":"on","_et_pb_old_content":"","_et_gb_content_width":"","footnotes":""},"class_list":["post-5066","page","type-page","status-publish","hentry"],"_links":{"self":[{"href":"https:\/\/equalsaree.org\/es\/wp-json\/wp\/v2\/pages\/5066","targetHints":{"allow":["GET"]}}],"collection":[{"href":"https:\/\/equalsaree.org\/es\/wp-json\/wp\/v2\/pages"}],"about":[{"href":"https:\/\/equalsaree.org\/es\/wp-json\/wp\/v2\/types\/page"}],"author":[{"embeddable":true,"href":"https:\/\/equalsaree.org\/es\/wp-json\/wp\/v2\/users\/7"}],"replies":[{"embeddable":true,"href":"https:\/\/equalsaree.org\/es\/wp-json\/wp\/v2\/comments?post=5066"}],"version-history":[{"count":3,"href":"https:\/\/equalsaree.org\/es\/wp-json\/wp\/v2\/pages\/5066\/revisions"}],"predecessor-version":[{"id":16799,"href":"https:\/\/equalsaree.org\/es\/wp-json\/wp\/v2\/pages\/5066\/revisions\/16799"}],"wp:attachment":[{"href":"https:\/\/equalsaree.org\/es\/wp-json\/wp\/v2\/media?parent=5066"}],"curies":[{"name":"wp","href":"https:\/\/api.w.org\/{rel}","templated":true}]}}