{"id":4965,"date":"2020-05-13T13:35:20","date_gmt":"2020-05-13T13:35:20","guid":{"rendered":"https:\/\/equalsaree.org\/?page_id=4965"},"modified":"2024-06-11T14:07:02","modified_gmt":"2024-06-11T14:07:02","slug":"espacios-publicos","status":"publish","type":"page","link":"https:\/\/equalsaree.org\/es\/espacios-publicos\/","title":{"rendered":"Espacios p\u00fablicos"},"content":{"rendered":"<p>[et_pb_section fb_built=\u00bb1&#8243; admin_label=\u00bbsection\u00bb _builder_version=\u00bb4.16&#8243; global_colors_info=\u00bb{}\u00bb][et_pb_row admin_label=\u00bbrow\u00bb _builder_version=\u00bb4.16&#8243; background_size=\u00bbinitial\u00bb background_position=\u00bbtop_left\u00bb background_repeat=\u00bbrepeat\u00bb global_colors_info=\u00bb{}\u00bb][et_pb_column type=\u00bb4_4&#8243; _builder_version=\u00bb4.16&#8243; custom_padding=\u00bb|||\u00bb global_colors_info=\u00bb{}\u00bb custom_padding__hover=\u00bb|||\u00bb][et_pb_text admin_label=\u00bbTexto\u00bb _builder_version=\u00bb4.23.1&#8243; text_font_size=\u00bb18&#8243; background_size=\u00bbinitial\u00bb background_position=\u00bbtop_left\u00bb background_repeat=\u00bbrepeat\u00bb hover_enabled=\u00bb0&#8243; use_border_color=\u00bboff\u00bb border_color=\u00bb#ffffff\u00bb border_style=\u00bbsolid\u00bb global_colors_info=\u00bb{}\u00bb sticky_enabled=\u00bb0&#8243;]<\/p>\n<h1><span style=\"color: #54beb7;\"><strong><b>Dise\u00f1o de espacios p\u00fablicos con perspectiva de g\u00e9nero<\/b><\/strong><\/span><\/h1>\n<p>[\/et_pb_text][\/et_pb_column][\/et_pb_row][et_pb_row column_structure=\u00bb1_2,1_2&#8243; admin_label=\u00bbrow\u00bb _builder_version=\u00bb4.16&#8243; background_size=\u00bbinitial\u00bb background_position=\u00bbtop_left\u00bb background_repeat=\u00bbrepeat\u00bb global_colors_info=\u00bb{}\u00bb][et_pb_column type=\u00bb1_2&#8243; _builder_version=\u00bb4.16&#8243; custom_padding=\u00bb|||\u00bb global_colors_info=\u00bb{}\u00bb custom_padding__hover=\u00bb|||\u00bb][\/et_pb_column][et_pb_column type=\u00bb1_2&#8243; _builder_version=\u00bb4.16&#8243; custom_padding=\u00bb|||\u00bb global_colors_info=\u00bb{}\u00bb custom_padding__hover=\u00bb|||\u00bb][et_pb_text admin_label=\u00bbTexto\u00bb _builder_version=\u00bb4.23.1&#8243; text_font_size=\u00bb18&#8243; background_size=\u00bbinitial\u00bb background_position=\u00bbtop_left\u00bb background_repeat=\u00bbrepeat\u00bb hover_enabled=\u00bb0&#8243; use_border_color=\u00bboff\u00bb border_color=\u00bb#ffffff\u00bb border_style=\u00bbsolid\u00bb global_colors_info=\u00bb{}\u00bb sticky_enabled=\u00bb0&#8243;]<\/p>\n<p>&nbsp;<\/p>\n<p><b>\u00bfQu\u00e9 podemos hacer?<\/b><\/p>\n<p>[\/et_pb_text][\/et_pb_column][\/et_pb_row][et_pb_row column_structure=\u00bb1_2,1_2&#8243; admin_label=\u00bbFila\u00bb _builder_version=\u00bb4.16&#8243; background_size=\u00bbinitial\u00bb background_position=\u00bbtop_left\u00bb background_repeat=\u00bbrepeat\u00bb global_colors_info=\u00bb{}\u00bb][et_pb_column type=\u00bb1_2&#8243; _builder_version=\u00bb4.16&#8243; custom_padding=\u00bb|||\u00bb global_colors_info=\u00bb{}\u00bb custom_padding__hover=\u00bb|||\u00bb][et_pb_text admin_label=\u00bbTexto\u00bb _builder_version=\u00bb4.23.1&#8243; text_font_size=\u00bb12&#8243; text_line_height=\u00bb1.4em\u00bb background_size=\u00bbinitial\u00bb background_position=\u00bbtop_left\u00bb background_repeat=\u00bbrepeat\u00bb hover_enabled=\u00bb0&#8243; use_border_color=\u00bboff\u00bb border_color=\u00bb#ffffff\u00bb border_style=\u00bbsolid\u00bb global_colors_info=\u00bb{}\u00bb sticky_enabled=\u00bb0&#8243;]<\/p>\n<p><span style=\"font-weight: 400;\">Con el dise\u00f1o de espacios p\u00fablicos con perspectiva de g\u00e9nero avanzamos hacia una <b>ciudad ecofeminista, inclusiva y sostenible<\/b> en todas las escalas: <b>ciudad, barrio, plazas y calles, equipamientos y vivienda<\/b>. Nuestras intervenciones siguen criterios de sostenibilidad social, ambiental y econ\u00f3mica y se basan en la proximidad, la compacidad, la optimizaci\u00f3n de los recursos y el aprovechamiento de las preexistencias.<\/span><\/p>\n<p>[\/et_pb_text][\/et_pb_column][et_pb_column type=\u00bb1_2&#8243; _builder_version=\u00bb4.16&#8243; custom_padding=\u00bb|||\u00bb global_colors_info=\u00bb{}\u00bb custom_padding__hover=\u00bb|||\u00bb][et_pb_text admin_label=\u00bbTexto\u00bb _builder_version=\u00bb4.23.1&#8243; text_font_size=\u00bb12&#8243; text_line_height=\u00bb1.4em\u00bb background_size=\u00bbinitial\u00bb background_position=\u00bbtop_left\u00bb background_repeat=\u00bbrepeat\u00bb hover_enabled=\u00bb0&#8243; use_border_color=\u00bboff\u00bb border_color=\u00bb#ffffff\u00bb border_style=\u00bbsolid\u00bb global_colors_info=\u00bb{}\u00bb sticky_enabled=\u00bb0&#8243;]<\/p>\n<ul>\n<li><b>Proyectos de reurbanizaci\u00f3n<\/b><\/li>\n<li><b>Proyectos de urbanismo t\u00e1ctico<\/b><\/li>\n<\/ul>\n<p>[\/et_pb_text][\/et_pb_column][\/et_pb_row][et_pb_row admin_label=\u00bbFila\u00bb _builder_version=\u00bb4.16&#8243; background_size=\u00bbinitial\u00bb background_position=\u00bbtop_left\u00bb background_repeat=\u00bbrepeat\u00bb global_colors_info=\u00bb{}\u00bb][et_pb_column type=\u00bb4_4&#8243; _builder_version=\u00bb4.16&#8243; custom_padding=\u00bb|||\u00bb global_colors_info=\u00bb{}\u00bb custom_padding__hover=\u00bb|||\u00bb][et_pb_divider color=\u00bb#000000&#8243; divider_position=\u00bbcenter\u00bb disabled_on=\u00bbon|on|off\u00bb admin_label=\u00bbSeparador\u00bb _builder_version=\u00bb4.16&#8243; height=\u00bb80px\u00bb hide_on_mobile=\u00bbon\u00bb global_colors_info=\u00bb{}\u00bb]\u00a0[\/et_pb_divider][\/et_pb_column][\/et_pb_row][et_pb_row column_structure=\u00bb1_2,1_2&#8243; padding_mobile=\u00bboff\u00bb column_padding_mobile=\u00bbon\u00bb admin_label=\u00bb#etapa1&#8243; module_id=\u00bbetapa1&#8243; _builder_version=\u00bb4.22.2&#8243; background_size=\u00bbinitial\u00bb background_position=\u00bbtop_left\u00bb background_repeat=\u00bbrepeat\u00bb locked=\u00bboff\u00bb global_colors_info=\u00bb{}\u00bb][et_pb_column type=\u00bb1_2&#8243; _builder_version=\u00bb4.16&#8243; custom_padding=\u00bb|||\u00bb global_colors_info=\u00bb{}\u00bb custom_padding__hover=\u00bb|||\u00bb][et_pb_gallery gallery_ids=\u00bb4743&#8243; fullwidth=\u00bbon\u00bb admin_label=\u00bbGaler\u00eda\u00bb _builder_version=\u00bb4.23.1&#8243; auto=\u00bbon\u00bb pagination_font_size_tablet=\u00bb51&#8243; pagination_line_height_tablet=\u00bb2&#8243; use_border_color=\u00bboff\u00bb global_colors_info=\u00bb{}\u00bb]\u00a0 [\/et_pb_gallery][\/et_pb_column][et_pb_column type=\u00bb1_2&#8243; _builder_version=\u00bb4.16&#8243; custom_padding=\u00bb|||\u00bb global_colors_info=\u00bb{}\u00bb custom_padding__hover=\u00bb|||\u00bb][et_pb_text admin_label=\u00bbetapa 1&#8243; module_id=\u00bb#etapa1&#8243; _builder_version=\u00bb4.23.1&#8243; text_font_size=\u00bb12&#8243; text_line_height=\u00bb1.4em\u00bb background_size=\u00bbinitial\u00bb background_position=\u00bbtop_left\u00bb background_repeat=\u00bbrepeat\u00bb custom_padding=\u00bb||0px|||\u00bb hover_enabled=\u00bb0&#8243; use_border_color=\u00bboff\u00bb global_colors_info=\u00bb{}\u00bb sticky_enabled=\u00bb0&#8243;]<\/p>\n<h3><b>Proyectos de reurbanizaci\u00f3n<\/b><\/h3>\n<p><span style=\"font-weight: 400;\">Desarrollamos proyectos de reurbanizaci\u00f3n con perspectiva de g\u00e9nero, desde los estudios previos hasta la direcci\u00f3n de obra. Integramos criterios de dise\u00f1o con mirada feminista interseccional para garantizar la percepci\u00f3n de seguridad, la accesibilidad universal, la sostenibilidad y eficiencia clim\u00e1tica, la inclusi\u00f3n de las diversidades y la centralidad de los cuidados.<\/span><\/p>\n<p>&nbsp;<\/p>\n<h5><b>Codise\u00f1o de proyectos <\/b><\/h5>\n<p><span style=\"font-weight: 400;\">Dise\u00f1amos de manera colaborativa con las comunidades, utilizando t\u00e9cnicas y metodolog\u00edas adaptadas para todas las edades y condiciones. Tener en cuenta las experiencias de las personas es clave para una transformaci\u00f3n efectiva, que satisfaga las necesidades, deseos y expectativas de la ciudadan\u00eda.<\/span><\/p>\n<h5><b>Estudios previos con perspectiva de g\u00e9nero<\/b><\/h5>\n<p><span style=\"font-weight: 400;\">Dise\u00f1amos espacios con criterios de g\u00e9nero, para que la propuesta arquitect\u00f3nica responda a las necesidades de percepci\u00f3n de seguridad, de accesibilidad universal e inclusi\u00f3n, de relaci\u00f3n social y actividad comunitaria, poniendo siempre en el centro los cuidados. <\/span><\/p>\n<h5><b>Redacci\u00f3n de proyectos t\u00e9cnicos<\/b><\/h5>\n<p><span style=\"font-weight: 400;\">Elaboramos todas las fases del proyecto, desde el asesoramiento en fases iniciales de la idea hasta la elaboraci\u00f3n de los documentos t\u00e9cnicos necesarios para su construcci\u00f3n: anteproyecto, proyecto b\u00e1sico y proyecto ejecutivo.<\/span><\/p>\n<h5><b>Direcci\u00f3n de obra<\/b><\/h5>\n<p><span style=\"font-weight: 400;\">Realizamos la direcci\u00f3n y la gesti\u00f3n de la obra durante la construcci\u00f3n de los proyectos, velando por la buena ejecuci\u00f3n y cuidando el proceso con un seguimiento exhaustivo.<\/span><\/p>\n<h6><span style=\"text-decoration: underline;\"><strong><\/strong><\/span><\/h6>\n<h6><b>Proyectos de referencia: <\/b><\/h6>\n<ul>\n<li><a href=\"https:\/\/equalsaree.org\/es\/project\/fem-dissabte-a-la-placa-den-baro\/\" target=\"_blank\" rel=\"noopener\"><span style=\"font-weight: 400;\">Fem dissabte a la pla\u00e7a d\u2019en Bar\u00f3!<\/span><\/a><\/li>\n<li><a href=\"https:\/\/equalsaree.org\/es\/project\/skatepark-y-rocodromo-2\/\" target=\"_blank\" rel=\"noopener\">Codise\u00f1o de skatepark y roc\u00f3dromo en Mira-Sol<\/a><\/li>\n<li>Zona de juegos inclusiva en el parque de Can Zam<\/li>\n<\/ul>\n<p>[\/et_pb_text][et_pb_text admin_label=\u00bbTexto\u00bb _builder_version=\u00bb4.16&#8243; background_size=\u00bbinitial\u00bb background_position=\u00bbtop_left\u00bb background_repeat=\u00bbrepeat\u00bb use_border_color=\u00bboff\u00bb global_colors_info=\u00bb{}\u00bb]<\/p>\n<h4><a href=\"#etapas\"><img loading=\"lazy\" decoding=\"async\" class=\"alignnone wp-image-445\" src=\"https:\/\/equalsaree.org\/wp-content\/uploads\/2016\/03\/FLECHA-1.png\" alt=\"FLECHA\" width=\"20\" height=\"22\" \/><\/a><\/h4>\n<p>[\/et_pb_text][\/et_pb_column][\/et_pb_row][et_pb_row admin_label=\u00bbFila\u00bb _builder_version=\u00bb4.16&#8243; background_size=\u00bbinitial\u00bb background_position=\u00bbtop_left\u00bb background_repeat=\u00bbrepeat\u00bb locked=\u00bboff\u00bb global_colors_info=\u00bb{}\u00bb][et_pb_column type=\u00bb4_4&#8243; _builder_version=\u00bb4.16&#8243; custom_padding=\u00bb|||\u00bb global_colors_info=\u00bb{}\u00bb custom_padding__hover=\u00bb|||\u00bb][et_pb_divider color=\u00bb#000000&#8243; divider_position=\u00bbcenter\u00bb disabled_on=\u00bbon|on|off\u00bb admin_label=\u00bbSeparador\u00bb _builder_version=\u00bb4.16&#8243; height=\u00bb80px\u00bb hide_on_mobile=\u00bbon\u00bb global_colors_info=\u00bb{}\u00bb]\u00a0[\/et_pb_divider][\/et_pb_column][\/et_pb_row][et_pb_row column_structure=\u00bb1_2,1_2&#8243; padding_mobile=\u00bboff\u00bb column_padding_mobile=\u00bbon\u00bb admin_label=\u00bb#etapa1&#8243; module_id=\u00bbetapa1&#8243; _builder_version=\u00bb4.22.2&#8243; background_size=\u00bbinitial\u00bb background_position=\u00bbtop_left\u00bb background_repeat=\u00bbrepeat\u00bb locked=\u00bboff\u00bb global_colors_info=\u00bb{}\u00bb][et_pb_column type=\u00bb1_2&#8243; _builder_version=\u00bb4.16&#8243; custom_padding=\u00bb|||\u00bb global_colors_info=\u00bb{}\u00bb custom_padding__hover=\u00bb|||\u00bb][et_pb_gallery gallery_ids=\u00bb5059&#8243; fullwidth=\u00bbon\u00bb admin_label=\u00bbGaler\u00eda\u00bb _builder_version=\u00bb4.23.1&#8243; auto=\u00bbon\u00bb pagination_font_size_tablet=\u00bb51&#8243; pagination_line_height_tablet=\u00bb2&#8243; use_border_color=\u00bboff\u00bb global_colors_info=\u00bb{}\u00bb]\u00a0 [\/et_pb_gallery][\/et_pb_column][et_pb_column type=\u00bb1_2&#8243; _builder_version=\u00bb4.16&#8243; custom_padding=\u00bb|||\u00bb global_colors_info=\u00bb{}\u00bb custom_padding__hover=\u00bb|||\u00bb][et_pb_text admin_label=\u00bbetapa 1&#8243; module_id=\u00bb#etapa1&#8243; _builder_version=\u00bb4.23.1&#8243; text_font_size=\u00bb12&#8243; text_line_height=\u00bb1.4em\u00bb background_size=\u00bbinitial\u00bb background_position=\u00bbtop_left\u00bb background_repeat=\u00bbrepeat\u00bb custom_padding=\u00bb||0px|||\u00bb hover_enabled=\u00bb0&#8243; use_border_color=\u00bboff\u00bb global_colors_info=\u00bb{}\u00bb sticky_enabled=\u00bb0&#8243;]<\/p>\n<h3><b>Proyectos de urbanismo t\u00e1ctico<\/b><\/h3>\n<p><span style=\"font-weight: 400;\">El urbanismo t\u00e1ctico es un proceso colaborativo para recuperar el espacio p\u00fablico y maximizar su valor compartido. Se realiza a trav\u00e9s de intervenciones ligeras, de bajo coste y r\u00e1pida implementaci\u00f3n para explorar alternativas de mejora de los espacios (ONU H\u00e1bitat).<\/span><\/p>\n<p>&nbsp;<\/p>\n<h5><b>Entornos escolares<\/b><\/h5>\n<p><span style=\"font-weight: 400;\">Dise\u00f1amos espacios escolares seguros, protegidos del tr\u00e1fico, del ruido y de la contaminaci\u00f3n del aire. A trav\u00e9s de intervenciones ligeras y de bajo coste, mejoramos el confort clim\u00e1tico y acercamos la naturaleza al entorno de los centros educativos, convirti\u00e9ndolos en espacios de encuentro y de relaci\u00f3n.<\/span><\/p>\n<h5><b>Pacificaci\u00f3n del espacio p\u00fablico<\/b><\/h5>\n<p><span style=\"font-weight: 400;\">Elaboramos proyectos que recuperan el espacio p\u00fablico para las personas. Lo hacemos a trav\u00e9s de acciones a peque\u00f1a escala que, con bajo coste y pocas solicitudes administrativas, generando impactos positivos en el d\u00eda a d\u00eda y mejoran la calidad de vida en los barrios.\u00a0 <\/span><\/p>\n<p><span style=\"font-weight: 400;\"><\/span><\/p>\n<h6><b>Proyectos de referencia: <\/b><\/h6>\n<ul>\n<li style=\"font-weight: 400;\" aria-level=\"1\"><span style=\"font-weight: 400;\">Pintamos el futuro del Carrer Escoles!<\/span><\/li>\n<li style=\"font-weight: 400;\" aria-level=\"1\"><a href=\"https:\/\/equalsaree.org\/es\/project\/repensamos-el-patio-de-la-escuela-serra-marina\/\" target=\"_blank\" rel=\"noopener\">Repensemos el patio de l\u2019escuela Serra Marina<\/a><\/li>\n<li style=\"font-weight: 400;\" aria-level=\"1\"><span style=\"font-weight: 400;\">Transformamos el patio de l&#8217;Escuela Verge de la Salut<\/span><\/li>\n<\/ul>\n<p>[\/et_pb_text][et_pb_text admin_label=\u00bbTexto\u00bb _builder_version=\u00bb4.16&#8243; background_size=\u00bbinitial\u00bb background_position=\u00bbtop_left\u00bb background_repeat=\u00bbrepeat\u00bb use_border_color=\u00bboff\u00bb global_colors_info=\u00bb{}\u00bb]<\/p>\n<h4><a href=\"#etapas\"><img loading=\"lazy\" decoding=\"async\" class=\"alignnone wp-image-445\" src=\"https:\/\/equalsaree.org\/wp-content\/uploads\/2016\/03\/FLECHA-1.png\" alt=\"FLECHA\" width=\"20\" height=\"22\" \/><\/a><\/h4>\n<p>[\/et_pb_text][\/et_pb_column][\/et_pb_row][\/et_pb_section]<\/p>\n","protected":false},"excerpt":{"rendered":"<p>Dise\u00f1o de espacios p\u00fablicos con perspectiva de g\u00e9nero&nbsp; \u00bfQu\u00e9 podemos hacer?Con el dise\u00f1o de espacios p\u00fablicos con perspectiva de g\u00e9nero avanzamos hacia una ciudad ecofeminista, inclusiva y sostenible en todas las escalas: ciudad, barrio, plazas y calles, equipamientos y vivienda. Nuestras intervenciones siguen criterios de sostenibilidad social, ambiental y econ\u00f3mica y se basan en la [&hellip;]<\/p>\n","protected":false},"author":7,"featured_media":0,"parent":0,"menu_order":0,"comment_status":"closed","ping_status":"closed","template":"","meta":{"_seopress_robots_primary_cat":"","_seopress_titles_title":"Dise\u00f1o de espacios p\u00fablicos con perspectiva de g\u00e9nero | Equal Saree","_seopress_titles_desc":"Proponemos un modelo de ciudad ecofeminista, inclusivo y sostenible a todas las escalas: ciudad, barrio, plazas, calles, equipamientos y viviendas","_seopress_robots_index":"","_et_pb_use_builder":"on","_et_pb_old_content":"","_et_gb_content_width":"","footnotes":""},"class_list":["post-4965","page","type-page","status-publish","hentry"],"_links":{"self":[{"href":"https:\/\/equalsaree.org\/es\/wp-json\/wp\/v2\/pages\/4965","targetHints":{"allow":["GET"]}}],"collection":[{"href":"https:\/\/equalsaree.org\/es\/wp-json\/wp\/v2\/pages"}],"about":[{"href":"https:\/\/equalsaree.org\/es\/wp-json\/wp\/v2\/types\/page"}],"author":[{"embeddable":true,"href":"https:\/\/equalsaree.org\/es\/wp-json\/wp\/v2\/users\/7"}],"replies":[{"embeddable":true,"href":"https:\/\/equalsaree.org\/es\/wp-json\/wp\/v2\/comments?post=4965"}],"version-history":[{"count":3,"href":"https:\/\/equalsaree.org\/es\/wp-json\/wp\/v2\/pages\/4965\/revisions"}],"predecessor-version":[{"id":16783,"href":"https:\/\/equalsaree.org\/es\/wp-json\/wp\/v2\/pages\/4965\/revisions\/16783"}],"wp:attachment":[{"href":"https:\/\/equalsaree.org\/es\/wp-json\/wp\/v2\/media?parent=4965"}],"curies":[{"name":"wp","href":"https:\/\/api.w.org\/{rel}","templated":true}]}}