{"id":2690,"date":"2018-02-12T09:36:07","date_gmt":"2018-02-12T09:36:07","guid":{"rendered":"https:\/\/equalsaree.org\/?page_id=2690\/"},"modified":"2024-04-23T09:35:52","modified_gmt":"2024-04-23T09:35:52","slug":"manifiesto-urbanimso-arquitectura-feminista","status":"publish","type":"page","link":"https:\/\/equalsaree.org\/es\/manifiesto-urbanimso-arquitectura-feminista\/","title":{"rendered":"Manifiesto"},"content":{"rendered":"<p>[et_pb_section bb_built=\u00bb1&#8243; admin_label=\u00bbsection\u00bb][et_pb_row admin_label=\u00bbrow\u00bb background_position=\u00bbtop_left\u00bb background_repeat=\u00bbrepeat\u00bb background_size=\u00bbinitial\u00bb][et_pb_column type=\u00bb4_4&#8243;][et_pb_text admin_label=\u00bbTexto\u00bb background_layout=\u00bblight\u00bb use_border_color=\u00bboff\u00bb background_position=\u00bbtop_left\u00bb background_repeat=\u00bbrepeat\u00bb background_size=\u00bbinitial\u00bb _builder_version=\u00bb3.0.105&#8243;]<\/p>\n<h1><span style=\"color: #54beb7;\"><b>\u00bfQu\u00e9 es la arquitectura y el urbanismo feminista?<\/b><\/span><\/h1>\n<p>&nbsp;<\/p>\n<p>[\/et_pb_text][et_pb_divider admin_label=\u00bbSeparador\u00bb color=\u00bb#ffffff\u00bb show_divider=\u00bboff\u00bb height=\u00bb5&#8243; divider_style=\u00bbsolid\u00bb divider_position=\u00bbtop\u00bb hide_on_mobile=\u00bbon\u00bb disabled_on=\u00bbon|on|off\u00bb]<\/p>\n<p>&nbsp;<\/p>\n<p>[\/et_pb_divider][\/et_pb_column][\/et_pb_row][et_pb_row admin_label=\u00bbrow\u00bb background_position=\u00bbtop_left\u00bb background_repeat=\u00bbrepeat\u00bb background_size=\u00bbinitial\u00bb][et_pb_column type=\u00bb1_2&#8243;][et_pb_text admin_label=\u00bbTexto\u00bb background_layout=\u00bblight\u00bb text_orientation=\u00bbleft\u00bb use_border_color=\u00bboff\u00bb border_color=\u00bb#ffffff\u00bb border_style=\u00bbsolid\u00bb text_font_size=\u00bb12&#8243; text_line_height=\u00bb1.4em\u00bb background_position=\u00bbtop_left\u00bb background_repeat=\u00bbrepeat\u00bb background_size=\u00bbinitial\u00bb _builder_version=\u00bb3.0.105&#8243;]<\/p>\n<p><span style=\"font-weight: 400;\">Los feminismos tienen como objetivo desenmascarar las desigualdades sociales, pol\u00edticas, econ\u00f3micas y jur\u00eddicas que sufrimos las mujeres y las personas con identidades no normativas, teniendo en cuenta la diversidad y la complejidad y deconstruyendo <\/span><b>estereotipos<\/b><span style=\"font-weight: 400;\"> y <\/span><b>roles de g\u00e9nero<\/b><span style=\"font-weight: 400;\"> para que todas las personas nos podamos desarrollar en libertad y con <\/span><b>igualdad de oportunidades<\/b><span style=\"font-weight: 400;\">. <\/span><\/p>\n<p>[\/et_pb_text][et_pb_divider admin_label=\u00bbSeparador\u00bb color=\u00bb#ffffff\u00bb show_divider=\u00bboff\u00bb height=\u00bb5&#8243; divider_style=\u00bbsolid\u00bb divider_position=\u00bbtop\u00bb hide_on_mobile=\u00bbon\u00bb disabled_on=\u00bbon|on|off\u00bb]<\/p>\n<p>&nbsp;<\/p>\n<p>[\/et_pb_divider][\/et_pb_column][et_pb_column type=\u00bb1_2&#8243;][et_pb_text admin_label=\u00bbTexto\u00bb background_layout=\u00bblight\u00bb text_orientation=\u00bbleft\u00bb use_border_color=\u00bboff\u00bb border_color=\u00bb#ffffff\u00bb border_style=\u00bbsolid\u00bb text_font_size=\u00bb12&#8243; text_line_height=\u00bb1.4em\u00bb background_position=\u00bbtop_left\u00bb background_repeat=\u00bbrepeat\u00bb background_size=\u00bbinitial\u00bb _builder_version=\u00bb3.0.105&#8243;]<\/p>\n<p><span style=\"font-weight: 400;\">El urbanismo es una herramienta clave para la democratizaci\u00f3n del uso de las ciudades y tiene un papel fundamental en garantizar la calidad de vida de la ciudadania. Con el <\/span><b>urbanismo<\/b><span style=\"font-weight: 400;\"> y la <\/span><b>arquitectura <\/b><span style=\"font-weight: 400;\">feminista buscamos, a trav\u00e9s del dise\u00f1o de los espacios y la planificaci\u00f3n urbana, pensar, construir o regenerar: <\/span><\/p>\n<p>[\/et_pb_text][\/et_pb_column][\/et_pb_row][et_pb_row admin_label=\u00bbrow\u00bb background_position=\u00bbtop_left\u00bb background_repeat=\u00bbrepeat\u00bb background_size=\u00bbinitial\u00bb][et_pb_column type=\u00bb1_3&#8243;][et_pb_image admin_label=\u00bbImagen\u00bb show_in_lightbox=\u00bboff\u00bb url_new_window=\u00bboff\u00bb use_overlay=\u00bboff\u00bb align=\u00bbleft\u00bb force_fullwidth=\u00bboff\u00bb always_center_on_mobile=\u00bbon\u00bb use_border_color=\u00bboff\u00bb src=\u00bbhttps:\/\/equalsaree.org\/wp-content\/uploads\/2019\/04\/Diversa-Web-1.jpg\u00bb animation_style=\u00bbslide\u00bb animation_duration=\u00bb500ms\u00bb animation_intensity_slide=\u00bb10%\u00bb animation_direction=\u00bbleft\u00bb show_bottom_space=\u00bbon\u00bb _builder_version=\u00bb3.0.105&#8243;]<\/p>\n<p>&nbsp;<\/p>\n<p>[\/et_pb_image][et_pb_text admin_label=\u00bbTexto\u00bb background_layout=\u00bblight\u00bb use_border_color=\u00bboff\u00bb text_font_size=\u00bb12&#8243; text_line_height=\u00bb1.4em\u00bb background_position=\u00bbtop_left\u00bb background_repeat=\u00bbrepeat\u00bb background_size=\u00bbinitial\u00bb _builder_version=\u00bb3.0.105&#8243;]<\/p>\n<h3 style=\"text-align: center;\"><span style=\"color: #d6202d;\">Ciudades diversas<\/span><\/h3>\n<p style=\"text-align: center;\"><span style=\"font-weight: 400;\">que no perpet\u00faen las desigualdades de g\u00e9nero, condici\u00f3n social, origen de procedencia, etnia, estado de salud, orientaci\u00f3n sexual o edad, entre otras. <\/span><\/p>\n<p>&nbsp;<\/p>\n<p>&nbsp;<\/p>\n<p>[\/et_pb_text][\/et_pb_column][et_pb_column type=\u00bb1_3&#8243;][et_pb_image admin_label=\u00bbImagen\u00bb show_in_lightbox=\u00bboff\u00bb url_new_window=\u00bboff\u00bb use_overlay=\u00bboff\u00bb align=\u00bbleft\u00bb force_fullwidth=\u00bboff\u00bb always_center_on_mobile=\u00bbon\u00bb use_border_color=\u00bboff\u00bb src=\u00bbhttps:\/\/equalsaree.org\/wp-content\/uploads\/2019\/04\/Cuidadora-Web.jpg\u00bb animation_style=\u00bbslide\u00bb animation_duration=\u00bb500ms\u00bb animation_intensity_slide=\u00bb10%\u00bb animation_direction=\u00bbleft\u00bb show_bottom_space=\u00bbon\u00bb _builder_version=\u00bb3.0.105&#8243;]<\/p>\n<p>&nbsp;<\/p>\n<p>[\/et_pb_image][et_pb_text admin_label=\u00bbTexto\u00bb background_layout=\u00bblight\u00bb use_border_color=\u00bboff\u00bb text_font_size=\u00bb12&#8243; text_line_height=\u00bb1.4em\u00bb background_position=\u00bbtop_left\u00bb background_repeat=\u00bbrepeat\u00bb background_size=\u00bbinitial\u00bb _builder_version=\u00bb3.0.105&#8243;]<\/p>\n<h3 style=\"text-align: center;\"><span style=\"color: #d6202d;\">Ciudades cuidadoras<\/span><\/h3>\n<p style=\"text-align: center;\"><span style=\"font-weight: 400;\">que sit\u00faen las tareas de cuidado en el \u00e1mbito p\u00fablico para visibilizarlas, valorizarlas y colectivizar la responsabilidad.<\/span><\/p>\n<p>&nbsp;<\/p>\n<p>[\/et_pb_text][\/et_pb_column][et_pb_column type=\u00bb1_3&#8243;][et_pb_image admin_label=\u00bbImagen\u00bb show_in_lightbox=\u00bboff\u00bb url_new_window=\u00bboff\u00bb use_overlay=\u00bboff\u00bb align=\u00bbleft\u00bb force_fullwidth=\u00bboff\u00bb always_center_on_mobile=\u00bbon\u00bb use_border_color=\u00bboff\u00bb src=\u00bbhttps:\/\/equalsaree.org\/wp-content\/uploads\/2019\/04\/Sostenible-Web.jpg\u00bb animation_style=\u00bbslide\u00bb animation_duration=\u00bb500ms\u00bb animation_intensity_slide=\u00bb10%\u00bb animation_direction=\u00bbleft\u00bb show_bottom_space=\u00bbon\u00bb _builder_version=\u00bb3.0.105&#8243;]<\/p>\n<p>&nbsp;<\/p>\n<p>[\/et_pb_image][et_pb_text admin_label=\u00bbTexto\u00bb background_layout=\u00bblight\u00bb use_border_color=\u00bboff\u00bb text_font_size=\u00bb12&#8243; text_line_height=\u00bb1.4em\u00bb background_position=\u00bbtop_left\u00bb background_repeat=\u00bbrepeat\u00bb background_size=\u00bbinitial\u00bb _builder_version=\u00bb3.0.105&#8243;]<\/p>\n<h3 style=\"text-align: center;\"><span style=\"color: #d6202d;\">Ciudades sostenibles<\/span><\/h3>\n<p style=\"text-align: center;\"><span style=\"font-weight: 400;\">respetuosas &nbsp;con los entornos y las comunidades que los habitan desde una perspectiva ambiental pero tambi\u00e9n econ\u00f3mica y social.<\/span><\/p>\n<p>&nbsp;<\/p>\n<p>&nbsp;<\/p>\n<p>[\/et_pb_text][\/et_pb_column][\/et_pb_row][et_pb_row admin_label=\u00bbrow\u00bb background_position=\u00bbtop_left\u00bb background_repeat=\u00bbrepeat\u00bb background_size=\u00bbinitial\u00bb][et_pb_column type=\u00bb1_2&#8243;][et_pb_text admin_label=\u00bbTexto\u00bb background_layout=\u00bblight\u00bb use_border_color=\u00bboff\u00bb text_font_size=\u00bb12&#8243; text_line_height=\u00bb1.4em\u00bb background_position=\u00bbtop_left\u00bb background_repeat=\u00bbrepeat\u00bb background_size=\u00bbinitial\u00bb _builder_version=\u00bb3.0.105&#8243;]<\/p>\n<p><span style=\"font-weight: 400;\">En definitiva, <\/span><b>ciudades inclusivas<\/b><span style=\"font-weight: 400;\"> que consideren y den respuesta a las necesidades de la vida cotidiana de todas las personas.<\/span><\/p>\n<p>[\/et_pb_text][\/et_pb_column][et_pb_column type=\u00bb1_2&#8243;][et_pb_text admin_label=\u00bbTexto\u00bb background_layout=\u00bblight\u00bb text_orientation=\u00bbleft\u00bb use_border_color=\u00bboff\u00bb border_color=\u00bb#ffffff\u00bb border_style=\u00bbsolid\u00bb text_font_size=\u00bb12&#8243; text_line_height=\u00bb1.4em\u00bb background_position=\u00bbtop_left\u00bb background_repeat=\u00bbrepeat\u00bb background_size=\u00bbinitial\u00bb _builder_version=\u00bb3.0.105&#8243;]<\/p>\n<p><span style=\"font-weight: 400;\">Creemos necesario dar voz a las personas para detectar los usos, las necesidades y los deseos espec\u00edficos de las comunidades que habitan los diferentes territorios. Apostamos por la<\/span><b> participaci\u00f3n<\/b><span style=\"font-weight: 400;\"> activa de los colectivos que generalmente quedan exclu\u00eddos de las decisiones sobre su entorno, como las criaturas o la gente mayor. Creemos en la <\/span><b>educaci\u00f3n transformadora<\/b><span style=\"font-weight: 400;\"> que, aplicada a los procesos colectivos de toma de decisi\u00f3n, se erige como una herramienta \u00fatil para el <\/span><b>cambio social<\/b><span style=\"font-weight: 400;\">. <\/span><\/p>\n<p>[\/et_pb_text][\/et_pb_column][\/et_pb_row][et_pb_row admin_label=\u00bbFila\u00bb background_position=\u00bbtop_left\u00bb background_repeat=\u00bbrepeat\u00bb background_size=\u00bbinitial\u00bb][et_pb_column type=\u00bb4_4&#8243;][et_pb_divider admin_label=\u00bbSeparador\u00bb color=\u00bb#ffffff\u00bb show_divider=\u00bboff\u00bb divider_style=\u00bbsolid\u00bb divider_position=\u00bbtop\u00bb hide_on_mobile=\u00bbon\u00bb height=\u00bb30&#8243; disabled_on=\u00bbon|on|off\u00bb]<\/p>\n<p>&nbsp;<\/p>\n<p>[\/et_pb_divider][et_pb_text admin_label=\u00bbTexto\u00bb background_layout=\u00bblight\u00bb use_border_color=\u00bboff\u00bb text_font_size=\u00bb12&#8243; background_position=\u00bbtop_left\u00bb background_repeat=\u00bbrepeat\u00bb background_size=\u00bbinitial\u00bb _builder_version=\u00bb3.0.105&#8243;]<\/p>\n<p><a href=\"https:\/\/equalsaree.org\/es\/proyectos\/\"><strong><span style=\"color: #d6202d;\">Conoce nuestros proyectos &gt;<\/span><\/strong><\/a><\/p>\n<p>[\/et_pb_text][\/et_pb_column][\/et_pb_row][\/et_pb_section]<\/p>\n","protected":false},"excerpt":{"rendered":"<p>\u00bfQu\u00e9 es la arquitectura y el urbanismo feminista? &nbsp; &nbsp; Los feminismos tienen como objetivo desenmascarar las desigualdades sociales, pol\u00edticas, econ\u00f3micas y jur\u00eddicas que sufrimos las mujeres y las personas con identidades no normativas, teniendo en cuenta la diversidad y la complejidad y deconstruyendo estereotipos y roles de g\u00e9nero para que todas las personas nos [&hellip;]<\/p>\n","protected":false},"author":7,"featured_media":0,"parent":0,"menu_order":0,"comment_status":"closed","ping_status":"closed","template":"","meta":{"_seopress_robots_primary_cat":"","_seopress_titles_title":"Proyectos de Arquitectura y Urbanismo con perspectiva de g\u00e9nero","_seopress_titles_desc":"Descubre todos nuestros proyectos de dise\u00f1o de espacio p\u00fablico con perspectiva de g\u00e9nero, dise\u00f1o de patios coeducativos y dinamizaci\u00f3n de procesos participativos","_seopress_robots_index":"","_et_pb_use_builder":"on","_et_pb_old_content":"","_et_gb_content_width":"","footnotes":""},"class_list":["post-2690","page","type-page","status-publish","hentry"],"_links":{"self":[{"href":"https:\/\/equalsaree.org\/es\/wp-json\/wp\/v2\/pages\/2690","targetHints":{"allow":["GET"]}}],"collection":[{"href":"https:\/\/equalsaree.org\/es\/wp-json\/wp\/v2\/pages"}],"about":[{"href":"https:\/\/equalsaree.org\/es\/wp-json\/wp\/v2\/types\/page"}],"author":[{"embeddable":true,"href":"https:\/\/equalsaree.org\/es\/wp-json\/wp\/v2\/users\/7"}],"replies":[{"embeddable":true,"href":"https:\/\/equalsaree.org\/es\/wp-json\/wp\/v2\/comments?post=2690"}],"version-history":[{"count":1,"href":"https:\/\/equalsaree.org\/es\/wp-json\/wp\/v2\/pages\/2690\/revisions"}],"predecessor-version":[{"id":16591,"href":"https:\/\/equalsaree.org\/es\/wp-json\/wp\/v2\/pages\/2690\/revisions\/16591"}],"wp:attachment":[{"href":"https:\/\/equalsaree.org\/es\/wp-json\/wp\/v2\/media?parent=2690"}],"curies":[{"name":"wp","href":"https:\/\/api.w.org\/{rel}","templated":true}]}}