{"id":15737,"date":"2023-11-22T16:55:38","date_gmt":"2023-11-22T16:55:38","guid":{"rendered":"https:\/\/equalsaree.org\/15737-2\/"},"modified":"2025-09-16T13:50:08","modified_gmt":"2025-09-16T13:50:08","slug":"lageneradora","status":"publish","type":"page","link":"https:\/\/equalsaree.org\/es\/lageneradora\/","title":{"rendered":"La Generadora"},"content":{"rendered":"<p>[et_pb_section fb_built=\u00bb1&#8243; admin_label=\u00bbsection\u00bb _builder_version=\u00bb4.16&#8243; global_colors_info=\u00bb{}\u00bb][et_pb_row admin_label=\u00bbrow\u00bb _builder_version=\u00bb4.16&#8243; background_size=\u00bbinitial\u00bb background_position=\u00bbtop_left\u00bb background_repeat=\u00bbrepeat\u00bb locked=\u00bboff\u00bb collapsed=\u00bboff\u00bb global_colors_info=\u00bb{}\u00bb][et_pb_column type=\u00bb4_4&#8243; _builder_version=\u00bb4.16&#8243; custom_padding=\u00bb|||\u00bb global_colors_info=\u00bb{}\u00bb custom_padding__hover=\u00bb|||\u00bb][et_pb_text admin_label=\u00bbText\u00bb _builder_version=\u00bb4.16&#8243; background_size=\u00bbinitial\u00bb background_position=\u00bbtop_left\u00bb background_repeat=\u00bbrepeat\u00bb use_border_color=\u00bboff\u00bb border_color=\u00bb#ffffff\u00bb border_style=\u00bbsolid\u00bb global_colors_info=\u00bb{}\u00bb]<\/p>\n<h1><span color=\"#54beb7\" style=\"color: #54beb7;\"><span style=\"caret-color: #54beb7;\">La Generadora<\/span><\/span><\/h1>\n<p>[\/et_pb_text][et_pb_divider show_divider=\u00bboff\u00bb _builder_version=\u00bb4.16&#8243; global_colors_info=\u00bb{}\u00bb][\/et_pb_divider][\/et_pb_column][\/et_pb_row][et_pb_row column_structure=\u00bb1_2,1_2&#8243; admin_label=\u00bbrow\u00bb _builder_version=\u00bb4.16&#8243; background_size=\u00bbinitial\u00bb background_position=\u00bbtop_left\u00bb background_repeat=\u00bbrepeat\u00bb locked=\u00bboff\u00bb global_colors_info=\u00bb{}\u00bb][et_pb_column type=\u00bb1_2&#8243; _builder_version=\u00bb4.16&#8243; custom_padding=\u00bb|||\u00bb global_colors_info=\u00bb{}\u00bb custom_padding__hover=\u00bb|||\u00bb][et_pb_image src=\u00bbhttps:\/\/equalsaree.org\/wp-content\/uploads\/2020\/09\/22_La-Generadora-1.jpg\u00bb alt=\u00bbEqual Saree Barcelona urbanismo arquitectura feminista g\u00e9nero patios coeducativos infancia participaci\u00f3n la generadora formaci\u00f3n\u00bb title_text=\u00bb22_La Generadora\u00bb align_tablet=\u00bbcenter\u00bb align_phone=\u00bb\u00bb align_last_edited=\u00bbon|desktop\u00bb _builder_version=\u00bb4.16&#8243; always_center_on_mobile=\u00bbon\u00bb global_colors_info=\u00bb{}\u00bb][\/et_pb_image][\/et_pb_column][et_pb_column type=\u00bb1_2&#8243; _builder_version=\u00bb4.16&#8243; custom_padding=\u00bb|||\u00bb global_colors_info=\u00bb{}\u00bb custom_padding__hover=\u00bb|||\u00bb][et_pb_text admin_label=\u00bbTexto\u00bb _builder_version=\u00bb4.22.2&#8243; text_font_size=\u00bb12&#8243; text_line_height=\u00bb1.4em\u00bb background_size=\u00bbinitial\u00bb background_position=\u00bbtop_left\u00bb background_repeat=\u00bbrepeat\u00bb use_border_color=\u00bboff\u00bb global_colors_info=\u00bb{}\u00bb]<\/p>\n<h3><span style=\"color: #d51f00;\"><span style=\"font-weight: 400;\">El espacio de innovaci\u00f3n, formaci\u00f3n e intercambio de Equal Saree<\/span><\/span><\/h3>\n<p><span style=\"font-weight: 400;\">El proyecto La Generadora es fruto de 15 a\u00f1os haciendo arquitectura y urbanismo con una visi\u00f3n innovadora, dise\u00f1ando espacios inclusivos a trav\u00e9s de la cocreaci\u00f3n y desarrollando metodolog\u00edas participativas e inclusivas para poner a las personas en el centro de las decisiones.<\/span><\/p>\n<p>La Generadora quiere consolidar, compartir y expandir una l\u00ednea de pensamiento y de pr\u00e1ctica innovadora m\u00e1s democr\u00e1tica sobre la ciudad, el urbanismo y el dise\u00f1o. Tambi\u00e9n busca generar nuevas formas de producci\u00f3n del conocimiento, basadas en la horizontalidad, la transversalidad, la interdisciplinariedad y el trabajo en red. Al mismo tiempo, quiere promover un intercambio constante entre la teor\u00eda y la pr\u00e1ctica, para generar aprendizajes aplicados y vinculados al territorio y a las realidades sociales.<\/p>\n<p>[\/et_pb_text][\/et_pb_column][\/et_pb_row][et_pb_row padding_mobile=\u00bboff\u00bb column_padding_mobile=\u00bbon\u00bb admin_label=\u00bbFila\u00bb module_id=\u00bbetapas\u00bb _builder_version=\u00bb4.16&#8243; background_size=\u00bbinitial\u00bb background_position=\u00bbtop_left\u00bb background_repeat=\u00bbrepeat\u00bb custom_margin=\u00bb-38px|auto||auto||\u00bb make_fullwidth=\u00bboff\u00bb use_custom_width=\u00bboff\u00bb width_unit=\u00bbon\u00bb locked=\u00bboff\u00bb global_colors_info=\u00bb{}\u00bb][et_pb_column type=\u00bb4_4&#8243; _builder_version=\u00bb4.16&#8243; custom_padding=\u00bb|||\u00bb global_colors_info=\u00bb{}\u00bb custom_padding__hover=\u00bb|||\u00bb][et_pb_text admin_label=\u00bbTexto\u00bb _builder_version=\u00bb4.23.1&#8243; background_size=\u00bbinitial\u00bb background_position=\u00bbtop_left\u00bb background_repeat=\u00bbrepeat\u00bb min_height=\u00bb26px\u00bb custom_margin=\u00bb||2px|||\u00bb custom_padding=\u00bb||0px|||\u00bb use_border_color=\u00bboff\u00bb global_colors_info=\u00bb{}\u00bb]<\/p>\n<h2><strong>Cursos online<\/strong><\/h2>\n<p>[\/et_pb_text][et_pb_divider color=\u00bb#777777&#8243; divider_position=\u00bbcenter\u00bb disabled_on=\u00bbon|on|off\u00bb admin_label=\u00bbSeparador\u00bb _builder_version=\u00bb4.16&#8243; height=\u00bb80px\u00bb custom_padding=\u00bb0px||0px|||\u00bb hide_on_mobile=\u00bbon\u00bb global_colors_info=\u00bb{}\u00bb]&nbsp;<br \/>\n[\/et_pb_divider][\/et_pb_column][\/et_pb_row][et_pb_row column_structure=\u00bb1_2,1_2&#8243; admin_label=\u00bbrow\u00bb _builder_version=\u00bb4.16&#8243; background_size=\u00bbinitial\u00bb background_position=\u00bbtop_left\u00bb background_repeat=\u00bbrepeat\u00bb locked=\u00bboff\u00bb collapsed=\u00bboff\u00bb global_colors_info=\u00bb{}\u00bb][et_pb_column type=\u00bb1_2&#8243; _builder_version=\u00bb4.16&#8243; custom_padding=\u00bb|||\u00bb global_colors_info=\u00bb{}\u00bb custom_padding__hover=\u00bb|||\u00bb][et_pb_image src=\u00bbhttps:\/\/equalsaree.org\/wp-content\/uploads\/2023\/11\/01_Curs-online-1.jpg\u00bb title_text=\u00bb01_Curs online\u00bb url=\u00bbhttps:\/\/equalsaree.org\/es\/project\/la-generadora-curso-online\/\u00bb _builder_version=\u00bb4.27.0&#8243; global_colors_info=\u00bb{}\u00bb][\/et_pb_image][et_pb_text _builder_version=\u00bb4.27.0&#8243; global_colors_info=\u00bb{}\u00bb]<\/p>\n<h3><b>Estrategias y herramientas para unas espacialidades feministas<\/b><\/h3>\n<p><strong>Pr\u00f3xima edici\u00f3n: 12, 19 y 26 de mayo de 2026<br \/><\/strong><b>Modalidad: online<br \/><\/b><\/p>\n<p><span style=\"font-weight: 400;\">Un curso online para ponerse las gafas violeta para mirar las ciudades y los espacios que las conforman, adquirir herramientas pr\u00e1cticas para aplicar a los proyectos, aprender metodolog\u00edas participativas y din\u00e1micas colectivas y crear una peque\u00f1a gran red internacional para intercambiar experiencias y conocimientos.<\/span><\/p>\n<p><span><a href=\"https:\/\/equalsaree.org\/es\/project\/la-generadora-curso-online\/\">+ informaci\u00f3n<\/a><\/span><\/p>\n<p><span><\/span><\/p>\n<p>[\/et_pb_text][et_pb_button button_url=\u00bbhttps:\/\/forms.gle\/mhw2yxebwytg9e868&#8243; url_new_window=\u00bbon\u00bb button_text=\u00bb Inscr\u00edbete\u00bb _builder_version=\u00bb4.27.4&#8243; custom_padding=\u00bb0px|||||\u00bb global_colors_info=\u00bb{}\u00bb][\/et_pb_button][\/et_pb_column][et_pb_column type=\u00bb1_2&#8243; _builder_version=\u00bb4.16&#8243; custom_padding=\u00bb|||\u00bb global_colors_info=\u00bb{}\u00bb custom_padding__hover=\u00bb|||\u00bb][et_pb_image src=\u00bbhttps:\/\/equalsaree.org\/wp-content\/uploads\/2024\/05\/04_Hacia-una-participacion-feminista.jpg\u00bb title_text=\u00bb04_Hacia una participaci\u00f3n feminista\u00bb url=\u00bbhttps:\/\/equalsaree.org\/es\/project\/hacia-una-participacion-feminista\/\u00bb _builder_version=\u00bb4.23.1&#8243; global_colors_info=\u00bb{}\u00bb][\/et_pb_image][et_pb_text _builder_version=\u00bb4.23.1&#8243; global_colors_info=\u00bb{}\u00bb]<\/p>\n<h3><b>Hacia una participaci\u00f3n feminista<\/b><\/h3>\n<p><b><span>Pr\u00f3xima edici\u00f3n: pendiente de confirmar<\/span><br \/>Modalidad: online<\/b><\/p>\n<p><span style=\"font-weight: 400;\">Un curso virtual para profundizar en la participaci\u00f3n comunitaria con perspectiva feminista. Veremos como tenerla en cuenta en todas las fases de un proyecto participativo, compartiremos metodolog\u00edas, t\u00e9cnicas y tips para conseguir un proceso inclusivo y empoderador, conoceremos pr\u00e1cticas internacionales de la mano de colectivas invitadas y trabajaremos juntas en la revisi\u00f3n y mejora de las propuestas de las participantes. <\/span><\/p>\n<p><a href=\"https:\/\/equalsaree.org\/es\/project\/hacia-una-participacion-feminista\/\"><span>+ informaci\u00f3n<\/span><\/a><\/p>\n<p>[\/et_pb_text][\/et_pb_column][\/et_pb_row][et_pb_row padding_mobile=\u00bboff\u00bb column_padding_mobile=\u00bbon\u00bb admin_label=\u00bbFila\u00bb module_id=\u00bbetapas\u00bb _builder_version=\u00bb4.16&#8243; background_size=\u00bbinitial\u00bb background_position=\u00bbtop_left\u00bb background_repeat=\u00bbrepeat\u00bb custom_margin=\u00bb-38px|auto||auto||\u00bb make_fullwidth=\u00bboff\u00bb use_custom_width=\u00bboff\u00bb width_unit=\u00bbon\u00bb locked=\u00bboff\u00bb global_colors_info=\u00bb{}\u00bb][et_pb_column type=\u00bb4_4&#8243; _builder_version=\u00bb4.16&#8243; custom_padding=\u00bb|||\u00bb global_colors_info=\u00bb{}\u00bb custom_padding__hover=\u00bb|||\u00bb][et_pb_text admin_label=\u00bbTexto\u00bb _builder_version=\u00bb4.23.1&#8243; background_size=\u00bbinitial\u00bb background_position=\u00bbtop_left\u00bb background_repeat=\u00bbrepeat\u00bb min_height=\u00bb56px\u00bb custom_margin=\u00bb||-54px|||\u00bb custom_padding=\u00bb57px||23px|||\u00bb use_border_color=\u00bboff\u00bb locked=\u00bboff\u00bb global_colors_info=\u00bb{}\u00bb]<\/p>\n<h2><strong style=\"font-size: 26px;\">Cursos presenciales<\/strong><strong><\/strong><\/h2>\n<p>[\/et_pb_text][et_pb_divider color=\u00bb#777777&#8243; divider_position=\u00bbcenter\u00bb disabled_on=\u00bbon|on|off\u00bb admin_label=\u00bbSeparador\u00bb _builder_version=\u00bb4.16&#8243; height=\u00bb62px\u00bb custom_padding=\u00bb0px||0px|||\u00bb hide_on_mobile=\u00bbon\u00bb locked=\u00bboff\u00bb global_colors_info=\u00bb{}\u00bb]&nbsp;<br \/>\n[\/et_pb_divider][\/et_pb_column][\/et_pb_row][et_pb_row column_structure=\u00bb1_2,1_2&#8243; admin_label=\u00bbrow\u00bb _builder_version=\u00bb4.16&#8243; background_size=\u00bbinitial\u00bb background_position=\u00bbtop_left\u00bb background_repeat=\u00bbrepeat\u00bb locked=\u00bboff\u00bb collapsed=\u00bboff\u00bb global_colors_info=\u00bb{}\u00bb][et_pb_column type=\u00bb1_2&#8243; _builder_version=\u00bb4.16&#8243; custom_padding=\u00bb|||\u00bb global_colors_info=\u00bb{}\u00bb custom_padding__hover=\u00bb|||\u00bb][et_pb_image src=\u00bbhttps:\/\/equalsaree.org\/wp-content\/uploads\/2024\/07\/05_Lespai-com-a-agent-coeducador_v1-1.jpg\u00bb title_text=\u00bb05_L&#8217;espai com a agent coeducador_v1&#8243; url=\u00bbhttps:\/\/equalsaree.org\/es\/project\/espacio-como-agente-coeducador\/\u00bb _builder_version=\u00bb4.23.1&#8243; global_colors_info=\u00bb{}\u00bb][\/et_pb_image][et_pb_text _builder_version=\u00bb4.23.1&#8243; global_colors_info=\u00bb{}\u00bb]<\/p>\n<h3><b>Di\u00e1logos sobre infancia y ciudad. <\/b><\/h3>\n<h3><b>Coeducaci\u00f3n, cuidados y juego inclusivo.<\/b><b><\/b><b><\/b><\/h3>\n<p><strong>&gt;ACTIVIDAD GRATUITA CON INSCRIPCI\u00d3N&lt;<\/strong><\/p>\n<p><strong>29 de octubre y 5 de noviembre de 2025<br \/>Modalidad: presencial<\/strong><\/p>\n<p><span>\u00bfC\u00f3mo coeducamos en el uso y en la apropiaci\u00f3n de los espacios? \u00bfC\u00f3mo podemos conseguir unos espacios de juego m\u00e1s inclusivos y, en general, unas ciudades coeducadoras? \u00bfC\u00f3mo implicamos a la comunidad para que la transformaci\u00f3n sea el resultado de un proceso de reflexi\u00f3n y de aprendizaje conjunto? Estas son algunas de las preguntas que planteamos para los pr\u00f3ximos encuentros que pondr\u00e1n en relaci\u00f3n los puntos de vista de profesionales, administraci\u00f3n p\u00fablica, comunidad educativa y ciudadan\u00eda en general, partiendo de la idea que los espacios educan y transmiten mensajes que integramos de manera inconsciente desde la infancia.<\/span><span><\/span><\/p>\n<p><a href=\"https:\/\/equalsaree.org\/es\/project\/espacio-como-agente-coeducador\/\"><span>+ Programa e inscripciones<\/span><\/a><span><\/span><span><\/span><\/p>\n<p><span><\/span><\/p>\n<p>[\/et_pb_text][\/et_pb_column][et_pb_column type=\u00bb1_2&#8243; _builder_version=\u00bb4.16&#8243; custom_padding=\u00bb|||\u00bb global_colors_info=\u00bb{}\u00bb custom_padding__hover=\u00bb|||\u00bb][et_pb_image src=\u00bbhttps:\/\/equalsaree.org\/wp-content\/uploads\/2023\/11\/02_La-generadora-surt-al-carrer.jpg\u00bb title_text=\u00bb02_La generadora surt al carrer!\u00bb url=\u00bbhttps:\/\/equalsaree.org\/es\/project\/la-generadora-surt-al-carrer\/\u00bb _builder_version=\u00bb4.27.4&#8243; global_colors_info=\u00bb{}\u00bb][\/et_pb_image][et_pb_text _builder_version=\u00bb4.23.1&#8243; global_colors_info=\u00bb{}\u00bb]<\/p>\n<h3><b>Cuerpos, Espacios, Feminismos<\/b><\/h3>\n<p><strong>Pr\u00f3xima edici\u00f3n: pendiente de confirmar<br \/>Modalidad: presencial\u00a0<\/strong><\/p>\n<p><span style=\"font-weight: 400;\">El taller propone una reflexi\u00f3n sobre el entorno construido desde el cuerpo como territorio de nuestras experiencias. En esta edici\u00f3n se fusionan el urbanismo feminista, la danza y el movimiento y la acci\u00f3n art\u00edstica colectiva para reflexionar sobre la presencia y visibilidad de nuestros cuerpos en el espacio p\u00fablico, para experimentar a partir de metodolog\u00edas participativas feministas y diferentes disciplinas art\u00edsticas y para cocrear un relato sobre las violencias que nos atraviesan y sobre las herramientas de liberaci\u00f3n y empoderamiento individuales y colectivas.\u00a0<\/span><\/p>\n<p><a href=\"https:\/\/equalsaree.org\/es\/project\/la-generadora-surt-al-carrer\/\"><span>+ informaci\u00f3n<\/span><\/a><span><\/span><\/p>\n<p>[\/et_pb_text][\/et_pb_column][\/et_pb_row][\/et_pb_section]<\/p>\n","protected":false},"excerpt":{"rendered":"<p>La GeneradoraEl espacio de innovaci\u00f3n, formaci\u00f3n e intercambio de Equal Saree El proyecto La Generadora es fruto de 15 a\u00f1os haciendo arquitectura y urbanismo con una visi\u00f3n innovadora, dise\u00f1ando espacios inclusivos a trav\u00e9s de la cocreaci\u00f3n y desarrollando metodolog\u00edas participativas e inclusivas para poner a las personas en el centro de las decisiones. La Generadora [&hellip;]<\/p>\n","protected":false},"author":7,"featured_media":0,"parent":0,"menu_order":0,"comment_status":"closed","ping_status":"closed","template":"","meta":{"_seopress_robots_primary_cat":"","_seopress_titles_title":"Cursos urbanismo con perspectiva de g\u00e9nero | La Generadora","_seopress_titles_desc":"El espacio de innovaci\u00f3n, formaci\u00f3n e intercambio de Equal Saree sobre Arquitectura y Urbanismo con perspectiva de g\u00e9nero y feminista","_seopress_robots_index":"","_et_pb_use_builder":"on","_et_pb_old_content":"","_et_gb_content_width":"","footnotes":""},"class_list":["post-15737","page","type-page","status-publish","hentry"],"_links":{"self":[{"href":"https:\/\/equalsaree.org\/es\/wp-json\/wp\/v2\/pages\/15737","targetHints":{"allow":["GET"]}}],"collection":[{"href":"https:\/\/equalsaree.org\/es\/wp-json\/wp\/v2\/pages"}],"about":[{"href":"https:\/\/equalsaree.org\/es\/wp-json\/wp\/v2\/types\/page"}],"author":[{"embeddable":true,"href":"https:\/\/equalsaree.org\/es\/wp-json\/wp\/v2\/users\/7"}],"replies":[{"embeddable":true,"href":"https:\/\/equalsaree.org\/es\/wp-json\/wp\/v2\/comments?post=15737"}],"version-history":[{"count":3,"href":"https:\/\/equalsaree.org\/es\/wp-json\/wp\/v2\/pages\/15737\/revisions"}],"predecessor-version":[{"id":17380,"href":"https:\/\/equalsaree.org\/es\/wp-json\/wp\/v2\/pages\/15737\/revisions\/17380"}],"wp:attachment":[{"href":"https:\/\/equalsaree.org\/es\/wp-json\/wp\/v2\/media?parent=15737"}],"curies":[{"name":"wp","href":"https:\/\/api.w.org\/{rel}","templated":true}]}}